{"id":5,"date":"2026-02-06T13:15:41","date_gmt":"2026-02-06T12:15:41","guid":{"rendered":"https:\/\/services.univ-avignon.fr\/bu\/?page_id=5"},"modified":"2026-03-11T12:22:34","modified_gmt":"2026-03-11T11:22:34","slug":"accueil","status":"publish","type":"page","link":"https:\/\/services.univ-avignon.fr\/bu\/","title":{"rendered":"Accueil"},"content":{"rendered":"\n<p>La Biblioth\u00e8que Universitaire d\u2019Avignon Universit\u00e9 contribue aux activit\u00e9s de formation et de recherche de l\u2019Universit\u00e9. <br>Elle assure les missions figurant dans le d\u00e9cret n\u00b0 2011-996 du 23 ao\u00fbt 2011 relatif aux biblioth\u00e8ques et autres structures de documentation des \u00e9tablissements d\u2019enseignement sup\u00e9rieur cr\u00e9\u00e9es sous forme de services communs.<\/p>\n\n\n\n<p>Le fonctionnement de la Biblioth\u00e8que d\u2019Avignon Universit\u00e9 est r\u00e9gi par :<br>\u2013 <a href=\"http:\/\/bu.univ-avignon.fr\/wp-content\/uploads\/2013\/06\/statuts-BU_votee.pdf\" target=\"_blank\" rel=\"noreferrer noopener\">Les statuts<\/a><br>\u2013<a href=\"http:\/\/bu.univ-avignon.fr\/wp-content\/uploads\/2013\/06\/reglement_interieur.pdf\" target=\"_blank\" rel=\"noreferrer noopener\"> Le r\u00e8glement int\u00e9rieur de la Biblioth\u00e8que d\u2019Avignon Universit\u00e9<\/a><br>\u2013 <a href=\"https:\/\/bu.univ-avignon.fr\/wp-content\/uploads\/2013\/06\/reglement-interieur-conseil-doc-.pdf\" target=\"_blank\" rel=\"noreferrer noopener\">Le r\u00e8glement int\u00e9rieur du conseil documentaire<\/a><\/p>\n\n\n\n<p>La biblioth\u00e8que d\u2019Avignon Universit\u00e9 est constitu\u00e9e&nbsp; :<br>&#8211; De deux biblioth\u00e8ques int\u00e9gr\u00e9es : la biblioth\u00e8que Maurice Agulhon et la biblioth\u00e8que Agroparc<br>&#8211; De deux biblioth\u00e8ques associ\u00e9es : les biblioth\u00e8ques de Math\u00e9matiques et de Droit.<br><br>L\u2019acc\u00e8s aux biblioth\u00e8ques Maurice Agulhon et Agroparc est libre et ouvert \u00e0 tous, tandis que celui des biblioth\u00e8ques de Math\u00e9matiques et de Droit est r\u00e9serv\u00e9 aux enseignants\u2011chercheurs.<\/p>\n\n\n\n<p><\/p>\n","protected":false},"excerpt":{"rendered":"<p>La Biblioth\u00e8que Universitaire d\u2019Avignon Universit\u00e9 contribue aux activit\u00e9s de formation et de recherche de l\u2019Universit\u00e9. Elle assure les missions figurant dans le d\u00e9cret n\u00b0 2011-996 du 23 ao\u00fbt 2011 relatif aux biblioth\u00e8ques et autres structures de documentation des \u00e9tablissements d\u2019enseignement sup\u00e9rieur cr\u00e9\u00e9es sous forme de services communs. Le fonctionnement de la Biblioth\u00e8que d\u2019Avignon Universit\u00e9 est [&hellip;]<\/p>\n","protected":false},"author":3,"featured_media":0,"parent":0,"menu_order":0,"comment_status":"closed","ping_status":"closed","template":"home-service.php","meta":{"_acf_changed":false,"_relevanssi_hide_post":"","_relevanssi_hide_content":"","_relevanssi_pin_for_all":"","_relevanssi_pin_keywords":"","_relevanssi_unpin_keywords":"","_relevanssi_related_keywords":"","_relevanssi_related_include_ids":"","_relevanssi_related_exclude_ids":"","_relevanssi_related_no_append":"","_relevanssi_related_not_related":"","_relevanssi_related_posts":"1","_relevanssi_noindex_reason":"","footnotes":""},"categories":[],"tags":[],"class_list":["post-5","page","type-page","status-publish","hentry"],"acf":[],"_links":{"self":[{"href":"https:\/\/services.univ-avignon.fr\/bu\/wp-json\/wp\/v2\/pages\/5","targetHints":{"allow":["GET"]}}],"collection":[{"href":"https:\/\/services.univ-avignon.fr\/bu\/wp-json\/wp\/v2\/pages"}],"about":[{"href":"https:\/\/services.univ-avignon.fr\/bu\/wp-json\/wp\/v2\/types\/page"}],"author":[{"embeddable":true,"href":"https:\/\/services.univ-avignon.fr\/bu\/wp-json\/wp\/v2\/users\/3"}],"replies":[{"embeddable":true,"href":"https:\/\/services.univ-avignon.fr\/bu\/wp-json\/wp\/v2\/comments?post=5"}],"version-history":[{"count":31,"href":"https:\/\/services.univ-avignon.fr\/bu\/wp-json\/wp\/v2\/pages\/5\/revisions"}],"predecessor-version":[{"id":260,"href":"https:\/\/services.univ-avignon.fr\/bu\/wp-json\/wp\/v2\/pages\/5\/revisions\/260"}],"wp:attachment":[{"href":"https:\/\/services.univ-avignon.fr\/bu\/wp-json\/wp\/v2\/media?parent=5"}],"wp:term":[{"taxonomy":"category","embeddable":true,"href":"https:\/\/services.univ-avignon.fr\/bu\/wp-json\/wp\/v2\/categories?post=5"},{"taxonomy":"post_tag","embeddable":true,"href":"https:\/\/services.univ-avignon.fr\/bu\/wp-json\/wp\/v2\/tags?post=5"}],"curies":[{"name":"wp","href":"https:\/\/api.w.org\/{rel}","templated":true}]}}