{"id":7,"date":"2026-02-06T13:16:09","date_gmt":"2026-02-06T12:16:09","guid":{"rendered":"https:\/\/services.univ-avignon.fr\/bu\/?page_id=7"},"modified":"2026-03-09T17:12:38","modified_gmt":"2026-03-09T16:12:38","slug":"contacts","status":"publish","type":"page","link":"https:\/\/services.univ-avignon.fr\/bu\/contacts\/","title":{"rendered":"Contacts"},"content":{"rendered":"\n<h4 class=\"wp-block-heading\"><strong><span style=\"text-decoration: underline\">Informations pratiques<\/span><\/strong> :<\/h4>\n\n\n\n<p>Biblioth\u00e8que Maurice Agulhon<br>Avignon Universit\u00e9<br>Campus Hannah Arendt<br>74, rue Louis Pasteur<br>84 018 AVIGNON Cedex 1<\/p>\n\n\n\n<h5 class=\"wp-block-heading\"><strong><a href=\"mailto:bu@univ-avignon.fr\">bu@univ-avignon.fr<\/a><br>T\u00e9l. : 04 90 16 27 87<\/strong><\/h5>\n\n\n\n<p><\/p>\n\n\n\n<p>Biblioth\u00e8que Agroparc<br>Campus Jean-Henri Fabre<br>P\u00f4le Agrosciences<br>301, rue Baruch de Spinoza<br>84 916 AVIGNON Cedex 9<br><br><strong><a href=\"mailto:bu@univ-avignon.fr\">bu@univ-avignon.fr<\/a><br>T\u00e9l. : 04 90 84 35 22<\/strong><\/p>\n\n\n\n<h4 class=\"wp-block-heading\"><br><strong><span style=\"text-decoration: underline\">Direction<\/span><\/strong><\/h4>\n\n\n\n<p><br><strong>Directeur <\/strong>: Jacky Barbe<br><strong>Directrice adjointe <\/strong>: B\u00e9atrice Beaufr\u00e9<br><a href=\"mailto:cdbu@listes.univ-avignon.fr\">bu-direction@univ-avignon.fr<\/a><\/p>\n\n\n\n<h4 class=\"wp-block-heading\"><br><strong><span style=\"text-decoration: underline\">R\u00e9f\u00e9rents<\/span><\/strong><\/h4>\n\n\n\n<p><br>R\u00e9f\u00e9rent accessibilit\u00e9 : Jean-Marc Olivieri<br>R\u00e9f\u00e9rent QVCT : Jean-Marc Olivieri<br>R\u00e9f\u00e9rent Transition environnementale : Jean-Marc Olivieri<br>Assistant de pr\u00e9vention : Patrick Paulin<\/p>\n\n\n\n<h4 class=\"wp-block-heading\"><br><strong><span style=\"text-decoration: underline\">Missions transversales<\/span><\/strong><\/h4>\n\n\n\n<p><br><strong>Gestion administrative et financi\u00e8re<\/strong> : <a href=\"mailto:bu-secretariat@univ-avignon.fr\">bu-secretariat@univ-avignon.fr<\/a><br>Responsable : Gloria Challard<\/p>\n\n\n\n<p><strong>Mission Handicap, cadre de vie et Transition environnementale<\/strong> <br>Responsable : Jean-Marc Olivieri<\/p>\n\n\n\n<p><strong>Mission Logistique<\/strong> : &nbsp;<a href=\"mailto:bu-batiment@univ-avignon.fr\" target=\"_blank\" rel=\"noreferrer noopener\">bu-batiment@univ-avignon.fr<\/a>&nbsp;<\/p>\n\n\n\n<p><strong>Mission Informatique documentaire et op\u00e9rationnelle<\/strong> : <a href=\"mailto:bu-formapub@univ-avignon.fr\">bu-informatique@univ-avignon.fr<\/a><br>Responsable : Catherine Sissung<\/p>\n\n\n\n<p><strong>Mission Communication externe<\/strong> : <a href=\"mailto:bu-absys@univ-avignon.fr\">bu-surleweb@univ-avignon.fr<\/a><br>Responsable : Elodie Larisse<\/p>\n\n\n\n<p><strong>Mission Science ouverte et services d\u2019appui aux chercheurs <\/strong>: <a href=\"mailto:science-ouverte@univ-avignon.fr\" target=\"_blank\" rel=\"noreferrer noopener\">science-ouverte@univ-avignon.fr<\/a><br>Responsable : Olivier Poncin<\/p>\n\n\n\n<h4 class=\"wp-block-heading\"><br><strong><span style=\"text-decoration: underline\">D\u00e9partement des Services aux publics \u2013 Responsables : B\u00e9atrice Prioron-Pinelli, Claire Miquel<\/span><\/strong><\/h4>\n\n\n\n<p><br><strong>Accueil et m\u00e9diation<\/strong> : <a href=\"mailto:bu@univ-avignon.fr\">bu@univ-avignon.fr<\/a><br>Responsable : Claire Miquel<\/p>\n\n\n\n<p><strong>Formation des publics<\/strong> : <a href=\"mailto:bu-formapub@univ-avignon.fr\">bu-formapub@univ-avignon.fr<\/a><br>Responsable : B\u00e9atrice Prioron-Pinelli<\/p>\n\n\n\n<p><strong>Pr\u00eat-Entre-Biblioth\u00e8ques<\/strong> : <a href=\"mailto:bu-formapub@univ-avignon.fr\">bu-peb@univ-avignon.fr<\/a><br>Responsable : Patrick Paulin<\/p>\n\n\n\n<p><strong>Action culturelle, scientifique et technique<\/strong> : <a href=\"mailto:bu-formapub@univ-avignon.fr\">bu-expo@univ-avignon.fr<\/a><br>Responsable : C\u00e9line Bottero-Blanc<\/p>\n\n\n\n<h4 class=\"wp-block-heading\"><br><strong><span style=\"text-decoration: underline\">D\u00e9partement des Services documentaires \u2013 Responsables : Laurence Laveine, Christophe Albouy\u00a0<\/span><\/strong><\/h4>\n\n\n\n<p><br><strong>Politique documentaire<\/strong> : <a href=\"mailto:cdbu@listes.univ-avignon.fr\">bu-collections@univ-avignon.fr<\/a><br>Responsables : Christophe Albouy, Laurence Laveine<\/p>\n\n\n\n<p><strong>Ressources documentaires<\/strong> : <a href=\"mailto:cdbu@listes.univ-avignon.fr\">bu-collections@univ-avignon.fr<\/a><br>Responsable monographies : Christophe Albouy<br>Responsable&nbsp; p\u00e9riodiques : Isabelle Argence-Pasteur<br>Responsable documentation \u00e9lectronique : Laurence Laveine<br>Responsable collections patrimoniales : Laurence Laveine<\/p>\n\n\n\n<p><strong>Vid\u00e9oth\u00e8que<\/strong> : <a href=\"mailto:bu-videotheque@univ-avignon.fr\" target=\"_blank\" rel=\"noreferrer noopener\">bu-videotheque@univ-avignon.fr<\/a><br>Responsable : Christophe Albouy<\/p>\n\n\n\n<p><strong>Gestion catalographique<\/strong> : <a href=\"mailto:bu-formapub@univ-avignon.fr\">bu-catalogage@univ-avignon.fr<\/a><br>Responsable : Iris Tam Tsi<\/p>\n\n\n\n<p><strong>Gestion technique des collections<\/strong> : <a href=\"mailto:cdbu@listes.univ-avignon.fr\">bu-collections@univ-avignon.fr<\/a><br>Responsable : B\u00e9atrice Dubois<\/p>\n\n\n\n<h4 class=\"wp-block-heading\"><br><strong><span style=\"text-decoration: underline\">Organigrammes<\/span><\/strong><br><br><\/h4>\n\n\n\n<p><a href=\"https:\/\/bu.univ-avignon.fr\/wp-content\/uploads\/2025\/10\/organigramme-2025-26.pdf\" target=\"_blank\" rel=\"noreferrer noopener\">Organigramme BU Avignon 2025-2026<\/a><\/p>\n\n\n\n<p><a href=\"https:\/\/bu.univ-avignon.fr\/wp-content\/uploads\/2025\/10\/organigramme-missions-2025-26.pdf\" target=\"_blank\" rel=\"noreferrer noopener\">Organigramme \u2013 Missions transversales \u2013 2025-2026<\/a><\/p>\n\n\n\n<p><a href=\"https:\/\/bu.univ-avignon.fr\/wp-content\/uploads\/2025\/10\/organigramme-sap-2025-26.pdf\" target=\"_blank\" rel=\"noreferrer noopener\">Organigramme \u2013 D\u00e9partement des Services aux publics \u2013 2025-2026<\/a><\/p>\n\n\n\n<p><a href=\"https:\/\/bu.univ-avignon.fr\/wp-content\/uploads\/2025\/10\/organigramme-sd-2025-26.pdf\" target=\"_blank\" rel=\"noreferrer noopener\">Organigramme \u2013 D\u00e9partement des Services documentaires \u2013 2025-2026<\/a><\/p>\n","protected":false},"excerpt":{"rendered":"<p>Informations pratiques : Biblioth\u00e8que Maurice AgulhonAvignon Universit\u00e9Campus Hannah Arendt74, rue Louis Pasteur84 018 AVIGNON Cedex 1 bu@univ-avignon.frT\u00e9l. : 04 90 16 27 87 Biblioth\u00e8que AgroparcCampus Jean-Henri FabreP\u00f4le Agrosciences301, rue Baruch de Spinoza84 916 AVIGNON Cedex 9 bu@univ-avignon.frT\u00e9l. : 04 90 84 35 22 Direction Directeur : Jacky BarbeDirectrice adjointe : B\u00e9atrice Beaufr\u00e9bu-direction@univ-avignon.fr R\u00e9f\u00e9rents R\u00e9f\u00e9rent accessibilit\u00e9 [&hellip;]<\/p>\n","protected":false},"author":3,"featured_media":0,"parent":0,"menu_order":0,"comment_status":"closed","ping_status":"closed","template":"","meta":{"_acf_changed":false,"_relevanssi_hide_post":"","_relevanssi_hide_content":"","_relevanssi_pin_for_all":"","_relevanssi_pin_keywords":"","_relevanssi_unpin_keywords":"","_relevanssi_related_keywords":"","_relevanssi_related_include_ids":"","_relevanssi_related_exclude_ids":"","_relevanssi_related_no_append":"","_relevanssi_related_not_related":"","_relevanssi_related_posts":"1","_relevanssi_noindex_reason":"","footnotes":""},"categories":[],"tags":[],"class_list":["post-7","page","type-page","status-publish","hentry"],"acf":[],"_links":{"self":[{"href":"https:\/\/services.univ-avignon.fr\/bu\/wp-json\/wp\/v2\/pages\/7","targetHints":{"allow":["GET"]}}],"collection":[{"href":"https:\/\/services.univ-avignon.fr\/bu\/wp-json\/wp\/v2\/pages"}],"about":[{"href":"https:\/\/services.univ-avignon.fr\/bu\/wp-json\/wp\/v2\/types\/page"}],"author":[{"embeddable":true,"href":"https:\/\/services.univ-avignon.fr\/bu\/wp-json\/wp\/v2\/users\/3"}],"replies":[{"embeddable":true,"href":"https:\/\/services.univ-avignon.fr\/bu\/wp-json\/wp\/v2\/comments?post=7"}],"version-history":[{"count":13,"href":"https:\/\/services.univ-avignon.fr\/bu\/wp-json\/wp\/v2\/pages\/7\/revisions"}],"predecessor-version":[{"id":171,"href":"https:\/\/services.univ-avignon.fr\/bu\/wp-json\/wp\/v2\/pages\/7\/revisions\/171"}],"wp:attachment":[{"href":"https:\/\/services.univ-avignon.fr\/bu\/wp-json\/wp\/v2\/media?parent=7"}],"wp:term":[{"taxonomy":"category","embeddable":true,"href":"https:\/\/services.univ-avignon.fr\/bu\/wp-json\/wp\/v2\/categories?post=7"},{"taxonomy":"post_tag","embeddable":true,"href":"https:\/\/services.univ-avignon.fr\/bu\/wp-json\/wp\/v2\/tags?post=7"}],"curies":[{"name":"wp","href":"https:\/\/api.w.org\/{rel}","templated":true}]}}