{"id":11,"date":"2026-01-06T12:07:21","date_gmt":"2026-01-06T11:07:21","guid":{"rendered":"https:\/\/services.univ-avignon.fr\/daf\/?page_id=11"},"modified":"2026-03-17T16:52:07","modified_gmt":"2026-03-17T15:52:07","slug":"nouveautes","status":"publish","type":"page","link":"https:\/\/services.univ-avignon.fr\/daf\/nouveautes\/","title":{"rendered":"Nouveaut\u00e9s"},"content":{"rendered":"\n<p>Le <strong>coefficient de prorata de TVA d\u00e9finitif pour l\u2019ann\u00e9e 2025<\/strong> (et donc provisoire pour l\u2019exercice 2026) s\u2019\u00e9tablit \u00e0 19\u202f% pour les d\u00e9penses r\u00e9alis\u00e9es en secteur mixte.<br>Pour rappel, dans le progiciel de gestion financi\u00e8re SIFAC+, les d\u00e9penses en secteur mixte sont celles qui contribuent \u00e0 la fois aux activit\u00e9s de recherche et de formation.<\/p>\n\n\n\n<p><\/p>\n\n\n\n<p><\/p>\n","protected":false},"excerpt":{"rendered":"<p>Le coefficient de prorata de TVA d\u00e9finitif pour l\u2019ann\u00e9e 2025 (et donc provisoire pour l\u2019exercice 2026) s\u2019\u00e9tablit \u00e0 19\u202f% pour les d\u00e9penses r\u00e9alis\u00e9es en secteur mixte.Pour rappel, dans le progiciel de gestion financi\u00e8re SIFAC+, les d\u00e9penses en secteur mixte sont celles qui contribuent \u00e0 la fois aux activit\u00e9s de recherche et de formation.<\/p>\n","protected":false},"author":3,"featured_media":0,"parent":0,"menu_order":0,"comment_status":"closed","ping_status":"closed","template":"news-faq.php","meta":{"_acf_changed":false,"_relevanssi_hide_post":"","_relevanssi_hide_content":"","_relevanssi_pin_for_all":"","_relevanssi_pin_keywords":"","_relevanssi_unpin_keywords":"","_relevanssi_related_keywords":"","_relevanssi_related_include_ids":"","_relevanssi_related_exclude_ids":"","_relevanssi_related_no_append":"","_relevanssi_related_not_related":"","_relevanssi_related_posts":"1","_relevanssi_noindex_reason":"","footnotes":""},"categories":[],"tags":[],"class_list":["post-11","page","type-page","status-publish","hentry"],"acf":[],"_links":{"self":[{"href":"https:\/\/services.univ-avignon.fr\/daf\/wp-json\/wp\/v2\/pages\/11","targetHints":{"allow":["GET"]}}],"collection":[{"href":"https:\/\/services.univ-avignon.fr\/daf\/wp-json\/wp\/v2\/pages"}],"about":[{"href":"https:\/\/services.univ-avignon.fr\/daf\/wp-json\/wp\/v2\/types\/page"}],"author":[{"embeddable":true,"href":"https:\/\/services.univ-avignon.fr\/daf\/wp-json\/wp\/v2\/users\/3"}],"replies":[{"embeddable":true,"href":"https:\/\/services.univ-avignon.fr\/daf\/wp-json\/wp\/v2\/comments?post=11"}],"version-history":[{"count":3,"href":"https:\/\/services.univ-avignon.fr\/daf\/wp-json\/wp\/v2\/pages\/11\/revisions"}],"predecessor-version":[{"id":832,"href":"https:\/\/services.univ-avignon.fr\/daf\/wp-json\/wp\/v2\/pages\/11\/revisions\/832"}],"wp:attachment":[{"href":"https:\/\/services.univ-avignon.fr\/daf\/wp-json\/wp\/v2\/media?parent=11"}],"wp:term":[{"taxonomy":"category","embeddable":true,"href":"https:\/\/services.univ-avignon.fr\/daf\/wp-json\/wp\/v2\/categories?post=11"},{"taxonomy":"post_tag","embeddable":true,"href":"https:\/\/services.univ-avignon.fr\/daf\/wp-json\/wp\/v2\/tags?post=11"}],"curies":[{"name":"wp","href":"https:\/\/api.w.org\/{rel}","templated":true}]}}