{"id":14,"date":"2026-01-06T12:29:04","date_gmt":"2026-01-06T11:29:04","guid":{"rendered":"https:\/\/services.univ-avignon.fr\/daf\/?page_id=14"},"modified":"2026-01-06T17:36:33","modified_gmt":"2026-01-06T16:36:33","slug":"contacts","status":"publish","type":"page","link":"https:\/\/services.univ-avignon.fr\/daf\/contacts\/","title":{"rendered":"Contacts"},"content":{"rendered":"\n<p>Nous contacter de pr\u00e9f\u00e9rence par messagerie ou <a href=\"https:\/\/ent.univ-avignon.fr\/uPortal\/f\/u67l1s7\/p\/assist-launcher.u67l1n16\/detached\/render.uP?pCm=view\" data-type=\"link\" data-id=\"https:\/\/ent.univ-avignon.fr\/uPortal\/f\/u67l1s7\/p\/assist-launcher.u67l1n16\/detached\/render.uP?pCm=view\">par ticket<\/a> concernant le CSP :<\/p>\n\n\n\n<p>La directrice : Laurence Sommazi (<a href=\"mailto:laurence.sommazi@univ-avignon.fr\">laurence.sommazi@univ-avignon.fr<\/a>, bureau 1W61 &amp; t\u00e9l. : 2564)<\/p>\n\n\n\n<p>Le directeur adjoint et responsable du budget : S\u00e9bastien Bouyer (<a href=\"mailto:sebastien.bouyer@univ-avignon.fr\">sebastien.bouyer@univ-avignon.fr<\/a>, bureau 1W62 &amp; t\u00e9l. : 2549)<\/p>\n\n\n\n<p><strong>La Direction des Affaires Financi\u00e8res est compos\u00e9e\u00a0 :<\/strong><\/p>\n\n\n\n<p><strong>\u2013 &gt; d&rsquo;un P\u00f4le Recherche et Formation<\/strong><\/p>\n\n\n\n<p>Responsable : Philippe Martin (<a href=\"mailto:philippe.martin2@univ-avignon.fr\">philippe.martin2@univ-avignon.fr<\/a>, bureaux 1W57-1W59 &amp; t\u00e9l. : 1323)<\/p>\n\n\n\n<p><strong>\u2013 &gt; d&rsquo;une Cellule Contr\u00f4le et Appui \u2013 correspondante fonctionnelle SIFAC+<\/strong><\/p>\n\n\n\n<p>Responsable : Virginie Menichetti (<a href=\"mailto:virginie.menichetti@univ-avignon.fr\">virginie.menichetti@univ-avignon.fr<\/a>, bureau 1W60bis &amp; t\u00e9l. : 1345)<\/p>\n\n\n\n<p><strong>\u2013 &gt; d&rsquo;un Service des Achats et de la Commande Publique<\/strong><\/p>\n\n\n\n<p>Responsable : Vasco Gomez ( <a href=\"mailto:vasco.gomes@univ-avignon.fr\">vasco.gomes@univ-avignon.fr<\/a>, bureaux 1W65-1W60 &amp; t\u00e9l. : 2720 )<\/p>\n\n\n\n<p><strong>\u2013 d&rsquo;un Centre de Services Partag\u00e9s central d\u00e9penses et recettes<\/strong><\/p>\n\n\n\n<p>Responsable : Magali Lauvergeon ( <a href=\"mailto:magali.lauvergeon@univ-avignon.fr\">magali.lauvergeon@univ-avignon.fr<\/a>, bureaux 1W64-1W63 &amp; t\u00e9l. : 2856)<\/p>\n\n\n\n<p><\/p>\n","protected":false},"excerpt":{"rendered":"<p>Nous contacter de pr\u00e9f\u00e9rence par messagerie ou par ticket concernant le CSP : La directrice : Laurence Sommazi (laurence.sommazi@univ-avignon.fr, bureau 1W61 &amp; t\u00e9l. : 2564) Le directeur adjoint et responsable du budget : S\u00e9bastien Bouyer (sebastien.bouyer@univ-avignon.fr, bureau 1W62 &amp; t\u00e9l. : 2549) La Direction des Affaires Financi\u00e8res est compos\u00e9e\u00a0 : \u2013 &gt; d&rsquo;un P\u00f4le Recherche [&hellip;]<\/p>\n","protected":false},"author":3,"featured_media":0,"parent":0,"menu_order":0,"comment_status":"closed","ping_status":"closed","template":"","meta":{"_acf_changed":false,"_relevanssi_hide_post":"","_relevanssi_hide_content":"","_relevanssi_pin_for_all":"","_relevanssi_pin_keywords":"","_relevanssi_unpin_keywords":"","_relevanssi_related_keywords":"","_relevanssi_related_include_ids":"","_relevanssi_related_exclude_ids":"","_relevanssi_related_no_append":"","_relevanssi_related_not_related":"","_relevanssi_related_posts":"1","_relevanssi_noindex_reason":"","footnotes":""},"categories":[],"tags":[],"class_list":["post-14","page","type-page","status-publish","hentry"],"acf":[],"_links":{"self":[{"href":"https:\/\/services.univ-avignon.fr\/daf\/wp-json\/wp\/v2\/pages\/14","targetHints":{"allow":["GET"]}}],"collection":[{"href":"https:\/\/services.univ-avignon.fr\/daf\/wp-json\/wp\/v2\/pages"}],"about":[{"href":"https:\/\/services.univ-avignon.fr\/daf\/wp-json\/wp\/v2\/types\/page"}],"author":[{"embeddable":true,"href":"https:\/\/services.univ-avignon.fr\/daf\/wp-json\/wp\/v2\/users\/3"}],"replies":[{"embeddable":true,"href":"https:\/\/services.univ-avignon.fr\/daf\/wp-json\/wp\/v2\/comments?post=14"}],"version-history":[{"count":2,"href":"https:\/\/services.univ-avignon.fr\/daf\/wp-json\/wp\/v2\/pages\/14\/revisions"}],"predecessor-version":[{"id":43,"href":"https:\/\/services.univ-avignon.fr\/daf\/wp-json\/wp\/v2\/pages\/14\/revisions\/43"}],"wp:attachment":[{"href":"https:\/\/services.univ-avignon.fr\/daf\/wp-json\/wp\/v2\/media?parent=14"}],"wp:term":[{"taxonomy":"category","embeddable":true,"href":"https:\/\/services.univ-avignon.fr\/daf\/wp-json\/wp\/v2\/categories?post=14"},{"taxonomy":"post_tag","embeddable":true,"href":"https:\/\/services.univ-avignon.fr\/daf\/wp-json\/wp\/v2\/tags?post=14"}],"curies":[{"name":"wp","href":"https:\/\/api.w.org\/{rel}","templated":true}]}}