{"id":166,"date":"2026-01-08T15:40:05","date_gmt":"2026-01-08T14:40:05","guid":{"rendered":"https:\/\/services.univ-avignon.fr\/daf\/?page_id=166"},"modified":"2026-01-08T15:57:51","modified_gmt":"2026-01-08T14:57:51","slug":"coordonnees-de-letablissement","status":"publish","type":"page","link":"https:\/\/services.univ-avignon.fr\/daf\/coordonnees-de-letablissement\/","title":{"rendered":"Coordonn\u00e9es de l&rsquo;\u00e9tablissement"},"content":{"rendered":"\n<p>D\u00e9signation : AVIGNON UNIVERSIT\u00c9 <\/p>\n\n\n\n<p>(<a href=\"https:\/\/services.univ-avignon.fr\/daf\/wp-content\/uploads\/sites\/7\/2026\/01\/Avis_de_situation_19840685200204_08_01_2026-15_29_10.pdf\" target=\"_blank\" rel=\"noreferrer noopener\">l&rsquo;avis de situation au r\u00e9pertoire sir\u00e8ne<\/a> \u00e0 jour est t\u00e9l\u00e9chargeable gratuitement sur le site de l&rsquo;INSEE.fr)<\/p>\n\n\n\n<ul class=\"wp-block-list\">\n<li><strong>Code UAI<\/strong> (ou RNE) : <strong>0840685N<\/strong><\/li>\n\n\n\n<li><strong>SIRET<\/strong> du si\u00e8ge : <strong>198 406 852 00204<\/strong><\/li>\n\n\n\n<li><strong>SIREN<\/strong> : <strong>198 406 852<\/strong><\/li>\n\n\n\n<li><strong>APE<\/strong> (Activit\u00e9 Principale Exerc\u00e9e\/NAF : <strong>8542Z \u2013 Enseignement sup\u00e9rieur<\/strong><\/li>\n\n\n\n<li><strong>Cat\u00e9gorie juridique<\/strong> : 7383 \u2013 <strong>EPSCP<\/strong><\/li>\n\n\n\n<li><strong>N\u00b0 TVA Intracommunautaire<\/strong> : <strong>FR50198406852<\/strong><\/li>\n\n\n\n<li><strong>RCS<\/strong> (Registre de Commerce et des Soci\u00e9t\u00e9s) : Non concern\u00e9<\/li>\n<\/ul>\n\n\n\n<p><a href=\"https:\/\/services.univ-avignon.fr\/daf\/wp-content\/uploads\/sites\/7\/2026\/01\/RIB-AVIGNON-UNIVERSITE.pdf\">RIB \/ IBAN Avignon universit\u00e9<\/a><\/p>\n\n\n\n<p><a href=\"https:\/\/services.univ-avignon.fr\/daf\/wp-content\/uploads\/sites\/7\/2026\/01\/RIB-droits-aux-colloques-AU.pdf\" target=\"_blank\" rel=\"noreferrer noopener\">RIB \/ IBAN Droits aux colloques AU<\/a><\/p>\n\n\n\n<p><a href=\"https:\/\/services.univ-avignon.fr\/daf\/wp-content\/uploads\/sites\/7\/2026\/01\/EPSCP-universite-AVIGNON-decision-AGR-CIR.pdf\">D\u00e9cision d&rsquo;agr\u00e9ment au CIR (Cr\u00e9dit Imp\u00f4t Recherche)<\/a>, p\u00e9riode 2022 -&gt; 2026.<\/p>\n\n\n\n<p><\/p>\n","protected":false},"excerpt":{"rendered":"<p>D\u00e9signation : AVIGNON UNIVERSIT\u00c9 (l&rsquo;avis de situation au r\u00e9pertoire sir\u00e8ne \u00e0 jour est t\u00e9l\u00e9chargeable gratuitement sur le site de l&rsquo;INSEE.fr) RIB \/ IBAN Avignon universit\u00e9 RIB \/ IBAN Droits aux colloques AU D\u00e9cision d&rsquo;agr\u00e9ment au CIR (Cr\u00e9dit Imp\u00f4t Recherche), p\u00e9riode 2022 -&gt; 2026.<\/p>\n","protected":false},"author":108,"featured_media":0,"parent":0,"menu_order":0,"comment_status":"closed","ping_status":"closed","template":"","meta":{"_acf_changed":false,"_relevanssi_hide_post":"","_relevanssi_hide_content":"","_relevanssi_pin_for_all":"","_relevanssi_pin_keywords":"","_relevanssi_unpin_keywords":"","_relevanssi_related_keywords":"","_relevanssi_related_include_ids":"","_relevanssi_related_exclude_ids":"","_relevanssi_related_no_append":"","_relevanssi_related_not_related":"","_relevanssi_related_posts":"1","_relevanssi_noindex_reason":"","footnotes":""},"categories":[],"tags":[],"class_list":["post-166","page","type-page","status-publish","hentry"],"acf":[],"_links":{"self":[{"href":"https:\/\/services.univ-avignon.fr\/daf\/wp-json\/wp\/v2\/pages\/166","targetHints":{"allow":["GET"]}}],"collection":[{"href":"https:\/\/services.univ-avignon.fr\/daf\/wp-json\/wp\/v2\/pages"}],"about":[{"href":"https:\/\/services.univ-avignon.fr\/daf\/wp-json\/wp\/v2\/types\/page"}],"author":[{"embeddable":true,"href":"https:\/\/services.univ-avignon.fr\/daf\/wp-json\/wp\/v2\/users\/108"}],"replies":[{"embeddable":true,"href":"https:\/\/services.univ-avignon.fr\/daf\/wp-json\/wp\/v2\/comments?post=166"}],"version-history":[{"count":3,"href":"https:\/\/services.univ-avignon.fr\/daf\/wp-json\/wp\/v2\/pages\/166\/revisions"}],"predecessor-version":[{"id":174,"href":"https:\/\/services.univ-avignon.fr\/daf\/wp-json\/wp\/v2\/pages\/166\/revisions\/174"}],"wp:attachment":[{"href":"https:\/\/services.univ-avignon.fr\/daf\/wp-json\/wp\/v2\/media?parent=166"}],"wp:term":[{"taxonomy":"category","embeddable":true,"href":"https:\/\/services.univ-avignon.fr\/daf\/wp-json\/wp\/v2\/categories?post=166"},{"taxonomy":"post_tag","embeddable":true,"href":"https:\/\/services.univ-avignon.fr\/daf\/wp-json\/wp\/v2\/tags?post=166"}],"curies":[{"name":"wp","href":"https:\/\/api.w.org\/{rel}","templated":true}]}}