{"id":5,"date":"2026-01-06T12:03:37","date_gmt":"2026-01-06T11:03:37","guid":{"rendered":"https:\/\/services.univ-avignon.fr\/daf\/?page_id=5"},"modified":"2026-03-19T11:22:57","modified_gmt":"2026-03-19T10:22:57","slug":"accueil","status":"publish","type":"page","link":"https:\/\/services.univ-avignon.fr\/daf\/","title":{"rendered":"Accueil"},"content":{"rendered":"\n<h1 class=\"wp-block-heading\">Bienvenue sur le site de la DAF <\/h1>\n\n\n\n<p>Nous vous souhaitons la bienvenue sur le site d\u2019information de la <strong>Direction des Affaires Financi\u00e8res<\/strong> (DAF) de l\u2019Universit\u00e9 d\u2019Avignon. <\/p>\n\n\n\n<p>Le site e.doc ne doit plus \u00eatre utilis\u00e9 pour la partie DAF car la documentation et les formulaires qui y figurent, ne seront plus mis \u00e0 jour. Toutes les informations n\u00e9cessaires sont d\u00e9sormais disponibles sur le catalogue des services DAF, notamment :<\/p>\n\n\n\n<ul class=\"wp-block-list\">\n<li>La documentation et modes op\u00e9ratoires sur l&rsquo;outil SIFAC+ ;<\/li>\n\n\n\n<li>La pr\u00e9sentation du service ;<\/li>\n\n\n\n<li>La pr\u00e9sentation des concepts m\u00e9tiers ; <\/li>\n\n\n\n<li>Le calendrier budg\u00e9taire ; <\/li>\n\n\n\n<li>&#8230;<\/li>\n<\/ul>\n\n\n\n<p><\/p>\n","protected":false},"excerpt":{"rendered":"<p>Bienvenue sur le site de la DAF Nous vous souhaitons la bienvenue sur le site d\u2019information de la Direction des Affaires Financi\u00e8res (DAF) de l\u2019Universit\u00e9 d\u2019Avignon. Le site e.doc ne doit plus \u00eatre utilis\u00e9 pour la partie DAF car la documentation et les formulaires qui y figurent, ne seront plus mis \u00e0 jour. Toutes les [&hellip;]<\/p>\n","protected":false},"author":3,"featured_media":0,"parent":0,"menu_order":0,"comment_status":"closed","ping_status":"closed","template":"home-service.php","meta":{"_acf_changed":false,"_relevanssi_hide_post":"","_relevanssi_hide_content":"","_relevanssi_pin_for_all":"","_relevanssi_pin_keywords":"","_relevanssi_unpin_keywords":"","_relevanssi_related_keywords":"","_relevanssi_related_include_ids":"","_relevanssi_related_exclude_ids":"","_relevanssi_related_no_append":"","_relevanssi_related_not_related":"","_relevanssi_related_posts":"1","_relevanssi_noindex_reason":"","footnotes":""},"categories":[],"tags":[],"class_list":["post-5","page","type-page","status-publish","hentry"],"acf":[],"_links":{"self":[{"href":"https:\/\/services.univ-avignon.fr\/daf\/wp-json\/wp\/v2\/pages\/5","targetHints":{"allow":["GET"]}}],"collection":[{"href":"https:\/\/services.univ-avignon.fr\/daf\/wp-json\/wp\/v2\/pages"}],"about":[{"href":"https:\/\/services.univ-avignon.fr\/daf\/wp-json\/wp\/v2\/types\/page"}],"author":[{"embeddable":true,"href":"https:\/\/services.univ-avignon.fr\/daf\/wp-json\/wp\/v2\/users\/3"}],"replies":[{"embeddable":true,"href":"https:\/\/services.univ-avignon.fr\/daf\/wp-json\/wp\/v2\/comments?post=5"}],"version-history":[{"count":8,"href":"https:\/\/services.univ-avignon.fr\/daf\/wp-json\/wp\/v2\/pages\/5\/revisions"}],"predecessor-version":[{"id":848,"href":"https:\/\/services.univ-avignon.fr\/daf\/wp-json\/wp\/v2\/pages\/5\/revisions\/848"}],"wp:attachment":[{"href":"https:\/\/services.univ-avignon.fr\/daf\/wp-json\/wp\/v2\/media?parent=5"}],"wp:term":[{"taxonomy":"category","embeddable":true,"href":"https:\/\/services.univ-avignon.fr\/daf\/wp-json\/wp\/v2\/categories?post=5"},{"taxonomy":"post_tag","embeddable":true,"href":"https:\/\/services.univ-avignon.fr\/daf\/wp-json\/wp\/v2\/tags?post=5"}],"curies":[{"name":"wp","href":"https:\/\/api.w.org\/{rel}","templated":true}]}}