{"id":53,"date":"2026-01-07T10:21:42","date_gmt":"2026-01-07T09:21:42","guid":{"rendered":"https:\/\/services.univ-avignon.fr\/daf\/?page_id=53"},"modified":"2026-03-19T11:15:57","modified_gmt":"2026-03-19T10:15:57","slug":"presentation","status":"publish","type":"page","link":"https:\/\/services.univ-avignon.fr\/daf\/presentation\/","title":{"rendered":"Pr\u00e9sentation"},"content":{"rendered":"\n<p>La Direction des Affaires Financi\u00e8res (DAF) a quatre missions essentielles :<\/p>\n\n\n\n<ul class=\"wp-block-list\">\n<li>la pr\u00e9paration, l&rsquo;\u00e9laboration et le suivi du budget de l\u2019\u00e9tablissement ;<\/li>\n\n\n\n<li>la gestion budg\u00e9taire des contrats financ\u00e9s en recherche et en formation ;<\/li>\n\n\n\n<li>la saisie et le suivi des d\u00e9penses (hors celles des composantes) et des recettes de l\u2019\u00e9tablissement dans le syst\u00e8me d\u2019information (SI) financier SIFAC+ ;<\/li>\n\n\n\n<li>le contr\u00f4le interne budg\u00e9taire, la mise en qualit\u00e9 des donn\u00e9es financi\u00e8res dans le SI et la formation \u00ab&nbsp;outil&nbsp;\u00bb des gestionnaires financiers.<\/li>\n<\/ul>\n\n\n\n<p>Elle s\u2019appuie sur un p\u00f4le budget, un p\u00f4le recherche et formation, un centre de services partag\u00e9s et une cellule contr\u00f4le et appui.<\/p>\n\n\n\n<p><a href=\"https:\/\/services.univ-avignon.fr\/daf\/wp-content\/uploads\/sites\/7\/2026\/03\/DAF-Organigramme-2026.docx\" target=\"_blank\" rel=\"noreferrer noopener\">L&rsquo;organigramme de la DAF (MAJ &#8211; Janvier 2026)<\/a><\/p>\n","protected":false},"excerpt":{"rendered":"<p>La Direction des Affaires Financi\u00e8res (DAF) a quatre missions essentielles : Elle s\u2019appuie sur un p\u00f4le budget, un p\u00f4le recherche et formation, un centre de services partag\u00e9s et une cellule contr\u00f4le et appui. L&rsquo;organigramme de la DAF (MAJ &#8211; Janvier 2026)<\/p>\n","protected":false},"author":108,"featured_media":0,"parent":0,"menu_order":0,"comment_status":"closed","ping_status":"closed","template":"","meta":{"_acf_changed":false,"_relevanssi_hide_post":"","_relevanssi_hide_content":"","_relevanssi_pin_for_all":"","_relevanssi_pin_keywords":"","_relevanssi_unpin_keywords":"","_relevanssi_related_keywords":"","_relevanssi_related_include_ids":"","_relevanssi_related_exclude_ids":"","_relevanssi_related_no_append":"","_relevanssi_related_not_related":"","_relevanssi_related_posts":"1","_relevanssi_noindex_reason":"","footnotes":""},"categories":[],"tags":[],"class_list":["post-53","page","type-page","status-publish","hentry"],"acf":[],"_links":{"self":[{"href":"https:\/\/services.univ-avignon.fr\/daf\/wp-json\/wp\/v2\/pages\/53","targetHints":{"allow":["GET"]}}],"collection":[{"href":"https:\/\/services.univ-avignon.fr\/daf\/wp-json\/wp\/v2\/pages"}],"about":[{"href":"https:\/\/services.univ-avignon.fr\/daf\/wp-json\/wp\/v2\/types\/page"}],"author":[{"embeddable":true,"href":"https:\/\/services.univ-avignon.fr\/daf\/wp-json\/wp\/v2\/users\/108"}],"replies":[{"embeddable":true,"href":"https:\/\/services.univ-avignon.fr\/daf\/wp-json\/wp\/v2\/comments?post=53"}],"version-history":[{"count":4,"href":"https:\/\/services.univ-avignon.fr\/daf\/wp-json\/wp\/v2\/pages\/53\/revisions"}],"predecessor-version":[{"id":845,"href":"https:\/\/services.univ-avignon.fr\/daf\/wp-json\/wp\/v2\/pages\/53\/revisions\/845"}],"wp:attachment":[{"href":"https:\/\/services.univ-avignon.fr\/daf\/wp-json\/wp\/v2\/media?parent=53"}],"wp:term":[{"taxonomy":"category","embeddable":true,"href":"https:\/\/services.univ-avignon.fr\/daf\/wp-json\/wp\/v2\/categories?post=53"},{"taxonomy":"post_tag","embeddable":true,"href":"https:\/\/services.univ-avignon.fr\/daf\/wp-json\/wp\/v2\/tags?post=53"}],"curies":[{"name":"wp","href":"https:\/\/api.w.org\/{rel}","templated":true}]}}