{"id":5,"date":"2025-11-20T11:49:10","date_gmt":"2025-11-20T10:49:10","guid":{"rendered":"https:\/\/services.univ-avignon.fr\/daji\/?page_id=5"},"modified":"2026-03-31T11:39:31","modified_gmt":"2026-03-31T09:39:31","slug":"accueil","status":"publish","type":"page","link":"https:\/\/services.univ-avignon.fr\/daji\/","title":{"rendered":"Accueil"},"content":{"rendered":"\n<h1 class=\"wp-block-heading has-vivid-red-color has-text-color has-link-color wp-elements-0bff1f8441c13208c675cb8eb4965f61\"><strong>PR\u00c9SENTATION<\/strong><\/h1>\n\n\n\n<p>La direction des affaires juridiques et institutionnelles assiste et conseille la direction de l\u2019universit\u00e9, les services et les composantes de l\u2019universit\u00e9 sur tous les probl\u00e8mes de droit en lien avec le milieu universitaire.<\/p>\n\n\n\n<h1 class=\"wp-block-heading has-vivid-red-color has-text-color has-link-color wp-elements-feba0edc41f92d8bdd96f5f05fcc9701\">Missions<\/h1>\n\n\n\n<p>La DAJI a pour objectif d\u2019assurer le conseil, l\u2019expertise, l\u2019aide \u00e0 la d\u00e9cision, la veille juridique aupr\u00e8s de la gouvernance, des services, directions et composantes, ainsi que la d\u00e9fense des int\u00e9r\u00eats de l\u2019universit\u00e9 en mati\u00e8re pr\u00e9-contentieuse mais \u00e9galement devant les juridictions.<\/p>\n\n\n\n<p>La DAJI veille \u00e0 la r\u00e9gularit\u00e9 du fonctionnement des instances statutaires de l\u2019universit\u00e9 et participe \u00e0 la r\u00e9daction des documents juridiques, des conventions, ainsi que de tout type d\u2019acte, en relation avec les services concern\u00e9s.<\/p>\n\n\n\n<p>Le service participe \u00e0 la d\u00e9fense de l\u2019universit\u00e9 par la prise en charge du pr\u00e9-contentieux et du contentieux.<\/p>\n\n\n\n<p>A cette fin, l\u2019universit\u00e9 est adh\u00e9rente au r\u00e9seau professionnel des responsables des affaires juridiques de l\u2019enseignement sup\u00e9rieur.<\/p>\n\n\n\n<p><\/p>\n\n\n\n<h1 class=\"wp-block-heading has-vivid-red-color has-text-color has-link-color wp-elements-6ddbb3c0a0dd6fd4f634abb01b7db3c8\">Affaires juridiques<\/h1>\n\n\n\n<p><\/p>\n\n\n\n<details class=\"wp-block-details is-layout-flow wp-block-details-is-layout-flow\"><summary>Le p\u00f4le affaires juridiques est charg\u00e9 de :<\/summary>\n<p><\/p>\n\n\n\n<ul class=\"wp-block-list\">\n<li>assurer le conseil et l\u2019expertise juridiques<\/li>\n\n\n\n<li>tenir le greffe des sections disciplinaires (usagers et enseignants)<\/li>\n\n\n\n<li>g\u00e9rer les pr\u00e9-contentieux et contentieux<\/li>\n<\/ul>\n\n\n\n<p><\/p>\n<\/details>\n\n\n\n<p><\/p>\n\n\n\n<h1 class=\"wp-block-heading has-vivid-red-color has-text-color has-link-color wp-elements-7d476652f070e969c9327df095750e64\">Affaires institutionnelles<\/h1>\n\n\n\n<p><\/p>\n\n\n\n<details class=\"wp-block-details is-layout-flow wp-block-details-is-layout-flow\"><summary>Le p\u00f4les affaires institutionnelles est charg\u00e9 de :<\/summary>\n<p><\/p>\n\n\n\n<ul class=\"wp-block-list\">\n<li>g\u00e9rer l\u2019organisation des conseils centraux : conseil d\u2019administration et conseil acad\u00e9mique<\/li>\n\n\n\n<li>organiser et piloter les \u00e9lections<\/li>\n\n\n\n<li>r\u00e9diger les d\u00e9l\u00e9gations de signature et de pouvoir<\/li>\n\n\n\n<li>veiller \u00e0 la r\u00e9gularit\u00e9 des statuts et r\u00e8glement int\u00e9rieur<\/li>\n<\/ul>\n<\/details>\n\n\n\n<p><\/p>\n\n\n\n<h1 class=\"wp-block-heading has-vivid-red-color has-text-color has-link-color wp-elements-04de4a03a870246ad5a5601cc53384e3\">Archives<\/h1>\n\n\n\n<p><\/p>\n\n\n\n<details class=\"wp-block-details is-layout-flow wp-block-details-is-layout-flow\"><summary>La cellule archives est charg\u00e9e de :<\/summary>\n<p><\/p>\n\n\n\n<ul class=\"wp-block-list\">\n<li>d\u00e9finir et mettre en place une politique d\u2019archivage \u00e0 l\u2019\u00e9chelle de l\u2019\u00e9tablissement<\/li>\n\n\n\n<li>promouvoir le patrimoine documentaire et historique universitaire<\/li>\n<\/ul>\n<\/details>\n\n\n\n<p><\/p>\n\n\n\n<h1 class=\"wp-block-heading has-vivid-red-color has-text-color has-link-color wp-elements-efefbb6ede6a397d1522dce753d40fc4\">Protection des donn\u00e9es \u00e0 caract\u00e8re personnel<\/h1>\n\n\n\n<p><\/p>\n\n\n\n<p>La protection des donn\u00e9es \u00e0 caract\u00e8re personnel concerne tous les membres de notre communaut\u00e9 et repose sur chacun d\u2019entre nous dans l\u2019exercice de nos missions.<\/p>\n\n\n\n<p><\/p>\n\n\n\n<details class=\"wp-block-details is-layout-flow wp-block-details-is-layout-flow\"><summary>Prot\u00e9ger, c&rsquo;est :<\/summary>\n<ul class=\"wp-block-list\">\n<li>Limiter au strict n\u00e9cessaire les donn\u00e9es personnelles manipul\u00e9es<\/li>\n\n\n\n<li>Utiliser les outils et les bonnes pratiques propos\u00e9s par la DOSI<\/li>\n\n\n\n<li>Questionner votre d\u00e9l\u00e9gu\u00e9 \u00e0 la Protection des Donn\u00e9es, d\u00e8s que vous avez le moindre doute. Il est votre personne ressource.<\/li>\n<\/ul>\n<\/details>\n\n\n\n<p>Vous trouverez plus d\u2019informations sur la page d\u00e9di\u00e9e \u00e0 <a href=\"https:\/\/univ-avignon.fr\/protection-des-donnees-personnelles\/\">la protection des donn\u00e9es personnelles <\/a>et des conseils et bonnes pratiques sur celle-ci : <a href=\"https:\/\/univ-avignon.fr\/protection-des-donnees-personnelles\/agir-pour-la-protection-des-donnees\/\">agir pour la protection des donn\u00e9es<\/a><\/p>\n","protected":false},"excerpt":{"rendered":"<p>PR\u00c9SENTATION La direction des affaires juridiques et institutionnelles assiste et conseille la direction de l\u2019universit\u00e9, les services et les composantes de l\u2019universit\u00e9 sur tous les probl\u00e8mes de droit en lien avec le milieu universitaire. Missions La DAJI a pour objectif d\u2019assurer le conseil, l\u2019expertise, l\u2019aide \u00e0 la d\u00e9cision, la veille juridique aupr\u00e8s de la gouvernance, [&hellip;]<\/p>\n","protected":false},"author":3,"featured_media":0,"parent":0,"menu_order":0,"comment_status":"closed","ping_status":"closed","template":"home-service.php","meta":{"_acf_changed":false,"_relevanssi_hide_post":"","_relevanssi_hide_content":"","_relevanssi_pin_for_all":"","_relevanssi_pin_keywords":"","_relevanssi_unpin_keywords":"","_relevanssi_related_keywords":"","_relevanssi_related_include_ids":"","_relevanssi_related_exclude_ids":"","_relevanssi_related_no_append":"","_relevanssi_related_not_related":"","_relevanssi_related_posts":"1","_relevanssi_noindex_reason":"","footnotes":""},"categories":[],"tags":[],"class_list":["post-5","page","type-page","status-publish","hentry"],"acf":[],"_links":{"self":[{"href":"https:\/\/services.univ-avignon.fr\/daji\/wp-json\/wp\/v2\/pages\/5","targetHints":{"allow":["GET"]}}],"collection":[{"href":"https:\/\/services.univ-avignon.fr\/daji\/wp-json\/wp\/v2\/pages"}],"about":[{"href":"https:\/\/services.univ-avignon.fr\/daji\/wp-json\/wp\/v2\/types\/page"}],"author":[{"embeddable":true,"href":"https:\/\/services.univ-avignon.fr\/daji\/wp-json\/wp\/v2\/users\/3"}],"replies":[{"embeddable":true,"href":"https:\/\/services.univ-avignon.fr\/daji\/wp-json\/wp\/v2\/comments?post=5"}],"version-history":[{"count":12,"href":"https:\/\/services.univ-avignon.fr\/daji\/wp-json\/wp\/v2\/pages\/5\/revisions"}],"predecessor-version":[{"id":1614,"href":"https:\/\/services.univ-avignon.fr\/daji\/wp-json\/wp\/v2\/pages\/5\/revisions\/1614"}],"wp:attachment":[{"href":"https:\/\/services.univ-avignon.fr\/daji\/wp-json\/wp\/v2\/media?parent=5"}],"wp:term":[{"taxonomy":"category","embeddable":true,"href":"https:\/\/services.univ-avignon.fr\/daji\/wp-json\/wp\/v2\/categories?post=5"},{"taxonomy":"post_tag","embeddable":true,"href":"https:\/\/services.univ-avignon.fr\/daji\/wp-json\/wp\/v2\/tags?post=5"}],"curies":[{"name":"wp","href":"https:\/\/api.w.org\/{rel}","templated":true}]}}