{"id":5,"date":"2026-01-20T16:10:48","date_gmt":"2026-01-20T15:10:48","guid":{"rendered":"https:\/\/services.univ-avignon.fr\/dari\/?page_id=5"},"modified":"2026-03-16T11:42:54","modified_gmt":"2026-03-16T10:42:54","slug":"accueil","status":"publish","type":"page","link":"https:\/\/services.univ-avignon.fr\/dari\/","title":{"rendered":"Accueil"},"content":{"rendered":"\n<p>Autour des deux grandes orientations de l\u2019\u00e9tablissement, \u00ab Agrosciences, Environnement et sant\u00e9 \u00bb et \u00ab Culture, Patrimoine, Soci\u00e9t\u00e9s num\u00e9riques \u00bb, la Direction d\u2019Appui \u00e0 la Recherche et \u00e0 l\u2019Innovation (DARI) soutient les activit\u00e9s de recherche de ses <a href=\"https:\/\/univ-avignon.fr\/recherche\/les-laboratoires\">15 laboratoires<\/a>.<\/p>\n\n\n\n<p>Elle participe \u00e0 la mise en \u0153uvre et au pilotage op\u00e9rationnel de la politique scientifique de l\u2019Universit\u00e9 aux c\u00f4t\u00e9s de la Vice-Pr\u00e9sidente Recherche et de la Vice-Pr\u00e9sidente d\u00e9l\u00e9gu\u00e9e au d\u00e9veloppement \u00e9conomique et \u00e0 l\u2019insertion professionnelle.<\/p>\n\n\n\n<p>Elle accompagne les acteurs de la recherche (enseignants-chercheurs, chercheurs, structures f\u00e9d\u00e9ratives de recherche, doctorants), dans leurs relations avec les diff\u00e9rents partenaires du monde socio-\u00e9conomique.<\/p>\n\n\n\n<p>Son activit\u00e9 s\u2019organise autour de 4 p\u00f4les de comp\u00e9tences :<\/p>\n\n\n\n<ul class=\"wp-block-list\">\n<li><strong>P\u00f4le administration de la recherche et du doctorat<\/strong><\/li>\n<\/ul>\n\n\n\n<p><a href=\"https:\/\/univ-avignon.fr\/laboratoire\/sfr-agorantic-culture-patrimoines-societes-numeriques\/\">\u2013 La SFR Agorantic<\/a><br>\u2013 <a href=\"https:\/\/univ-avignon.fr\/laboratoire\/sfr-4241-tersys-developpement-des-produits-naturels-qualite-et-environnement\/\">La SFR Tersys<\/a><br>\u2013 <a href=\"https:\/\/univ-avignon.fr\/recherche\/le-doctorat\">\u00c9coles Doctorales<\/a><\/p>\n\n\n\n<ul class=\"wp-block-list\">\n<li><strong><a href=\"https:\/\/univ-avignon.fr\/pole-valorisation-partenariat-et-transfert-de-technologies\/\">P\u00f4le contrats, propri\u00e9t\u00e9 intellectuelle et partenariats<\/a><\/strong><\/li>\n\n\n\n<li><strong><a href=\"https:\/\/univ-avignon.fr\/pole-projets-partenariats-developpement-international\/\">P\u00f4le projets et d\u00e9veloppement international<\/a><\/strong><\/li>\n\n\n\n<li><a href=\"https:\/\/univ-avignon.fr\/pole-communication-recherche-mediation-et-diffusion-de-la-culture-scientifiquetechnique-et-industrielle\/\"><strong>P\u00f4le science et soci\u00e9t\u00e9<\/strong><\/a><\/li>\n<\/ul>\n\n\n\n<hr class=\"wp-block-separator has-alpha-channel-opacity\" \/>\n\n\n\n<p><a href=\"https:\/\/univ-avignon.fr\/recherche\/direction-dappui-a-la-recherche-et-a-linnovation-dari\/trombinoscope-direction-dappui-a-la-recherche-et-a-linnovation\/\">&gt;&gt; D\u00e9couvrir le trombinoscope de la DARI<\/a><br><a href=\"https:\/\/univ-avignon.fr\/wp-content\/uploads\/2026\/01\/Fiche-DARI_organigramme-2026.pdf\">&gt;&gt; T\u00e9l\u00e9charger l\u2019organigramme de la DARI &amp; la pr\u00e9sentation des p\u00f4les avec leurs contacts \u2013 MAJ 21\/01\/2026<\/a><\/p>\n\n\n\n<h2 class=\"wp-block-heading\">Localisation<\/h2>\n\n\n\n<p>Avignon Universit\u00e9<br>Campus Hannah Arendt, Site Sainte-Marthe<br>74 rue Louis Pasteur<br>84000 Avignon<br>Direction d\u2019Appui \u00e0 la Recherche et \u00e0 l\u2019Innovation<br>Bureau 0W42<br>B\u00e2timent Nord<\/p>\n\n\n\n<h2 class=\"wp-block-heading\">Contacts<\/h2>\n\n\n\n<p><a href=\"mailto:dari@univ-avignon.fr\">dari@univ-avignon.fr<\/a><\/p>\n\n\n\n<p>Directrice : Anne-Charlotte MONVILLE<\/p>\n\n\n\n<h2 class=\"wp-block-heading\">Horaires d\u2019ouverture<\/h2>\n\n\n\n<p>Du lundi au vendredi<br>de 9h \u00e0 12h et de 14h \u00e0 17h<\/p>\n","protected":false},"excerpt":{"rendered":"<p>Autour des deux grandes orientations de l\u2019\u00e9tablissement, \u00ab Agrosciences, Environnement et sant\u00e9 \u00bb et \u00ab Culture, Patrimoine, Soci\u00e9t\u00e9s num\u00e9riques \u00bb, la Direction d\u2019Appui \u00e0 la Recherche et \u00e0 l\u2019Innovation (DARI) soutient les activit\u00e9s de recherche de ses 15 laboratoires. Elle participe \u00e0 la mise en \u0153uvre et au pilotage op\u00e9rationnel de la politique scientifique de [&hellip;]<\/p>\n","protected":false},"author":3,"featured_media":0,"parent":0,"menu_order":0,"comment_status":"closed","ping_status":"closed","template":"home-service.php","meta":{"_acf_changed":false,"_relevanssi_hide_post":"","_relevanssi_hide_content":"","_relevanssi_pin_for_all":"","_relevanssi_pin_keywords":"","_relevanssi_unpin_keywords":"","_relevanssi_related_keywords":"","_relevanssi_related_include_ids":"","_relevanssi_related_exclude_ids":"","_relevanssi_related_no_append":"","_relevanssi_related_not_related":"","_relevanssi_related_posts":"1","_relevanssi_noindex_reason":"","footnotes":""},"categories":[],"tags":[],"class_list":["post-5","page","type-page","status-publish","hentry"],"acf":[],"_links":{"self":[{"href":"https:\/\/services.univ-avignon.fr\/dari\/wp-json\/wp\/v2\/pages\/5","targetHints":{"allow":["GET"]}}],"collection":[{"href":"https:\/\/services.univ-avignon.fr\/dari\/wp-json\/wp\/v2\/pages"}],"about":[{"href":"https:\/\/services.univ-avignon.fr\/dari\/wp-json\/wp\/v2\/types\/page"}],"author":[{"embeddable":true,"href":"https:\/\/services.univ-avignon.fr\/dari\/wp-json\/wp\/v2\/users\/3"}],"replies":[{"embeddable":true,"href":"https:\/\/services.univ-avignon.fr\/dari\/wp-json\/wp\/v2\/comments?post=5"}],"version-history":[{"count":5,"href":"https:\/\/services.univ-avignon.fr\/dari\/wp-json\/wp\/v2\/pages\/5\/revisions"}],"predecessor-version":[{"id":34,"href":"https:\/\/services.univ-avignon.fr\/dari\/wp-json\/wp\/v2\/pages\/5\/revisions\/34"}],"wp:attachment":[{"href":"https:\/\/services.univ-avignon.fr\/dari\/wp-json\/wp\/v2\/media?parent=5"}],"wp:term":[{"taxonomy":"category","embeddable":true,"href":"https:\/\/services.univ-avignon.fr\/dari\/wp-json\/wp\/v2\/categories?post=5"},{"taxonomy":"post_tag","embeddable":true,"href":"https:\/\/services.univ-avignon.fr\/dari\/wp-json\/wp\/v2\/tags?post=5"}],"curies":[{"name":"wp","href":"https:\/\/api.w.org\/{rel}","templated":true}]}}