{"id":962,"date":"2025-08-21T16:23:34","date_gmt":"2025-08-21T14:23:34","guid":{"rendered":"https:\/\/services.univ-avignon.fr\/des\/?page_id=962"},"modified":"2025-08-22T07:45:45","modified_gmt":"2025-08-22T05:45:45","slug":"contact","status":"publish","type":"page","link":"https:\/\/services.univ-avignon.fr\/des\/contact\/","title":{"rendered":"Contact"},"content":{"rendered":"\n<p>Nous <a href=\"https:\/\/www.appigs.univ-avignon.fr\/extranet\/interv_ext.html?inst=30\">envoyer un message<\/a><\/p>\n\n\n\n<p>Adresse : <\/p>\n\n\n\n<blockquote class=\"wp-block-quote is-layout-flow wp-block-quote-is-layout-flow\">\n<p>Avignon Universit\u00e9<\/p>\n\n\n\n<p>Direction des \u00e9tudes et de la scolarit\u00e9 \u2013 Case 5<\/p>\n\n\n\n<p>74 rue Louis Pasteur<\/p>\n\n\n\n<p>84029 Avignon cedex 1<\/p>\n<\/blockquote>\n\n\n\n<p>Campus : Hannah Arendt (Centre ville)<\/p>\n\n\n\n<p>Localisation b\u00e2timent Nord \u2013 Niveau 2 \u2013 Aile ouest<\/p>\n\n\n\n<p>P\u00f4le des emplois du temps : 0W29<\/p>\n\n\n\n<p>P\u00f4le <\/p>\n","protected":false},"excerpt":{"rendered":"<p>Nous envoyer un message Adresse : Avignon Universit\u00e9 Direction des \u00e9tudes et de la scolarit\u00e9 \u2013 Case 5 74 rue Louis Pasteur 84029 Avignon cedex 1 Campus : Hannah Arendt (Centre ville) Localisation b\u00e2timent Nord \u2013 Niveau 2 \u2013 Aile ouest P\u00f4le des emplois du temps : 0W29 P\u00f4le<\/p>\n","protected":false},"author":234,"featured_media":0,"parent":0,"menu_order":0,"comment_status":"closed","ping_status":"closed","template":"","meta":{"_acf_changed":false,"_relevanssi_hide_post":"","_relevanssi_hide_content":"","_relevanssi_pin_for_all":"","_relevanssi_pin_keywords":"","_relevanssi_unpin_keywords":"","_relevanssi_related_keywords":"","_relevanssi_related_include_ids":"","_relevanssi_related_exclude_ids":"","_relevanssi_related_no_append":"","_relevanssi_related_not_related":"","_relevanssi_related_posts":"1","_relevanssi_noindex_reason":"","footnotes":""},"categories":[],"tags":[],"class_list":["post-962","page","type-page","status-publish","hentry"],"acf":[],"_links":{"self":[{"href":"https:\/\/services.univ-avignon.fr\/des\/wp-json\/wp\/v2\/pages\/962","targetHints":{"allow":["GET"]}}],"collection":[{"href":"https:\/\/services.univ-avignon.fr\/des\/wp-json\/wp\/v2\/pages"}],"about":[{"href":"https:\/\/services.univ-avignon.fr\/des\/wp-json\/wp\/v2\/types\/page"}],"author":[{"embeddable":true,"href":"https:\/\/services.univ-avignon.fr\/des\/wp-json\/wp\/v2\/users\/234"}],"replies":[{"embeddable":true,"href":"https:\/\/services.univ-avignon.fr\/des\/wp-json\/wp\/v2\/comments?post=962"}],"version-history":[{"count":4,"href":"https:\/\/services.univ-avignon.fr\/des\/wp-json\/wp\/v2\/pages\/962\/revisions"}],"predecessor-version":[{"id":970,"href":"https:\/\/services.univ-avignon.fr\/des\/wp-json\/wp\/v2\/pages\/962\/revisions\/970"}],"wp:attachment":[{"href":"https:\/\/services.univ-avignon.fr\/des\/wp-json\/wp\/v2\/media?parent=962"}],"wp:term":[{"taxonomy":"category","embeddable":true,"href":"https:\/\/services.univ-avignon.fr\/des\/wp-json\/wp\/v2\/categories?post=962"},{"taxonomy":"post_tag","embeddable":true,"href":"https:\/\/services.univ-avignon.fr\/des\/wp-json\/wp\/v2\/tags?post=962"}],"curies":[{"name":"wp","href":"https:\/\/api.w.org\/{rel}","templated":true}]}}