{"id":5,"date":"2026-02-09T08:38:33","date_gmt":"2026-02-09T07:38:33","guid":{"rendered":"https:\/\/services.univ-avignon.fr\/dircom\/?page_id=5"},"modified":"2026-02-09T14:16:27","modified_gmt":"2026-02-09T13:16:27","slug":"accueil","status":"publish","type":"page","link":"https:\/\/services.univ-avignon.fr\/dircom\/","title":{"rendered":"Accueil"},"content":{"rendered":"\n<p>La Direction de la communication met en \u0153uvre la communication interne et externe de l\u2019universit\u00e9 au moyen de diff\u00e9rents supports de communication, imprim\u00e9s et num\u00e9riques. C\u2019est \u00e0 ce service que vous devez adresser en premier lieu vos remarques et suggestions concernant les dispositifs de communication de l\u2019\u00e9tablissement.<\/p>\n\n\n\n<p>La Direction de la Communication est charg\u00e9e de d\u00e9finir, d\u2019appliquer et de faire respecter la&nbsp;<strong><a href=\"https:\/\/e-doc.univ-avignon.fr\/direction-de-la-communication\/wp-content\/uploads\/sites\/9\/2025\/05\/Charte_graphique2025.pdf\">charte graphique<\/a><\/strong>&nbsp;de notre \u00e9tablissement, afin que s\u2019exprime de fa\u00e7on harmonieuse et efficace notre identit\u00e9 sur les supports de communication, du courrier papier au portail Web, en passant par les affiches et les v\u00e9hicules par exemple.<\/p>\n\n\n\n<p>La Direction de la communication accompagne et conseille les services, composantes et laboratoires d\u2019Avignon Universit\u00e9 dans la valorisation de leurs activit\u00e9s aupr\u00e8s de diff\u00e9rents publics.<\/p>\n","protected":false},"excerpt":{"rendered":"<p>La Direction de la communication met en \u0153uvre la communication interne et externe de l\u2019universit\u00e9 au moyen de diff\u00e9rents supports de communication, imprim\u00e9s et num\u00e9riques. C\u2019est \u00e0 ce service que vous devez adresser en premier lieu vos remarques et suggestions concernant les dispositifs de communication de l\u2019\u00e9tablissement. La Direction de la Communication est charg\u00e9e de [&hellip;]<\/p>\n","protected":false},"author":3,"featured_media":0,"parent":0,"menu_order":0,"comment_status":"closed","ping_status":"closed","template":"home-service.php","meta":{"_acf_changed":false,"_relevanssi_hide_post":"","_relevanssi_hide_content":"","_relevanssi_pin_for_all":"","_relevanssi_pin_keywords":"","_relevanssi_unpin_keywords":"","_relevanssi_related_keywords":"","_relevanssi_related_include_ids":"","_relevanssi_related_exclude_ids":"","_relevanssi_related_no_append":"","_relevanssi_related_not_related":"","_relevanssi_related_posts":"1","_relevanssi_noindex_reason":"","footnotes":""},"categories":[],"tags":[],"class_list":["post-5","page","type-page","status-publish","hentry"],"acf":[],"_links":{"self":[{"href":"https:\/\/services.univ-avignon.fr\/dircom\/wp-json\/wp\/v2\/pages\/5","targetHints":{"allow":["GET"]}}],"collection":[{"href":"https:\/\/services.univ-avignon.fr\/dircom\/wp-json\/wp\/v2\/pages"}],"about":[{"href":"https:\/\/services.univ-avignon.fr\/dircom\/wp-json\/wp\/v2\/types\/page"}],"author":[{"embeddable":true,"href":"https:\/\/services.univ-avignon.fr\/dircom\/wp-json\/wp\/v2\/users\/3"}],"replies":[{"embeddable":true,"href":"https:\/\/services.univ-avignon.fr\/dircom\/wp-json\/wp\/v2\/comments?post=5"}],"version-history":[{"count":2,"href":"https:\/\/services.univ-avignon.fr\/dircom\/wp-json\/wp\/v2\/pages\/5\/revisions"}],"predecessor-version":[{"id":19,"href":"https:\/\/services.univ-avignon.fr\/dircom\/wp-json\/wp\/v2\/pages\/5\/revisions\/19"}],"wp:attachment":[{"href":"https:\/\/services.univ-avignon.fr\/dircom\/wp-json\/wp\/v2\/media?parent=5"}],"wp:term":[{"taxonomy":"category","embeddable":true,"href":"https:\/\/services.univ-avignon.fr\/dircom\/wp-json\/wp\/v2\/categories?post=5"},{"taxonomy":"post_tag","embeddable":true,"href":"https:\/\/services.univ-avignon.fr\/dircom\/wp-json\/wp\/v2\/tags?post=5"}],"curies":[{"name":"wp","href":"https:\/\/api.w.org\/{rel}","templated":true}]}}