{"id":11,"date":"2024-10-16T16:01:37","date_gmt":"2024-10-16T14:01:37","guid":{"rendered":"https:\/\/services.univ-avignon.fr\/dosi\/?page_id=11"},"modified":"2025-04-09T16:48:33","modified_gmt":"2025-04-09T14:48:33","slug":"archive-faq","status":"publish","type":"page","link":"https:\/\/services.univ-avignon.fr\/dosi\/","title":{"rendered":"Bienvenue sur le site de la Dosi"},"content":{"rendered":"\n<p>Nous vous souhaitons la bienvenue sur le site d&rsquo;information de la Direction Op\u00e9rationnelle des Syst\u00e8mes d&rsquo;Information (DOSI) de l&rsquo;Universit\u00e9 d&rsquo;Avignon.<\/p>\n\n\n\n<p>Nous vous y proposons :<\/p>\n\n\n\n<ul class=\"wp-block-list\">\n<li>le catalogue des services num\u00e9riques mis \u00e0 votre disposition,<\/li>\n\n\n\n<li>des documentations \/ modes op\u00e9ratoires pour vous aider \u00e0 les utiliser,<\/li>\n\n\n\n<li>un espace d&rsquo;assistance utilisateur (ou helpdesk) pour d\u00e9poser \/ suivre vos demandes de services,<\/li>\n\n\n\n<li>des indicateurs (incidents en cours et anciens, statistiques, etc.).<\/li>\n<\/ul>\n\n\n\n<p>L&rsquo;accueil de la DOSI est \u00e0 votre disposition :<\/p>\n\n\n\n<ul class=\"wp-block-list\">\n<li>site Hannah Arendt \/ centre-ville : bureau 2w26 du lundi au vendredi de 7h45 \u00e0 17h45<\/li>\n\n\n\n<li>site Jean-Henri Fabre \/ Agroparc : b\u00e2timent du CERI, bureau C028<\/li>\n<\/ul>\n\n\n\n<p><\/p>\n","protected":false},"excerpt":{"rendered":"<p>Nous vous souhaitons la bienvenue sur le site d&rsquo;information de la Direction Op\u00e9rationnelle des Syst\u00e8mes d&rsquo;Information (DOSI) de l&rsquo;Universit\u00e9 d&rsquo;Avignon. Nous vous y proposons : L&rsquo;accueil de la DOSI est \u00e0 votre disposition :<\/p>\n","protected":false},"author":3,"featured_media":0,"parent":0,"menu_order":0,"comment_status":"closed","ping_status":"closed","template":"home-service.php","meta":{"_acf_changed":false,"_relevanssi_hide_post":"","_relevanssi_hide_content":"","_relevanssi_pin_for_all":"","_relevanssi_pin_keywords":"","_relevanssi_unpin_keywords":"","_relevanssi_related_keywords":"","_relevanssi_related_include_ids":"","_relevanssi_related_exclude_ids":"","_relevanssi_related_no_append":"","_relevanssi_related_not_related":"","_relevanssi_related_posts":"1,72","_relevanssi_noindex_reason":"","footnotes":""},"categories":[],"tags":[],"class_list":["post-11","page","type-page","status-publish","hentry"],"acf":[],"_links":{"self":[{"href":"https:\/\/services.univ-avignon.fr\/dosi\/wp-json\/wp\/v2\/pages\/11","targetHints":{"allow":["GET"]}}],"collection":[{"href":"https:\/\/services.univ-avignon.fr\/dosi\/wp-json\/wp\/v2\/pages"}],"about":[{"href":"https:\/\/services.univ-avignon.fr\/dosi\/wp-json\/wp\/v2\/types\/page"}],"author":[{"embeddable":true,"href":"https:\/\/services.univ-avignon.fr\/dosi\/wp-json\/wp\/v2\/users\/3"}],"replies":[{"embeddable":true,"href":"https:\/\/services.univ-avignon.fr\/dosi\/wp-json\/wp\/v2\/comments?post=11"}],"version-history":[{"count":13,"href":"https:\/\/services.univ-avignon.fr\/dosi\/wp-json\/wp\/v2\/pages\/11\/revisions"}],"predecessor-version":[{"id":2407,"href":"https:\/\/services.univ-avignon.fr\/dosi\/wp-json\/wp\/v2\/pages\/11\/revisions\/2407"}],"wp:attachment":[{"href":"https:\/\/services.univ-avignon.fr\/dosi\/wp-json\/wp\/v2\/media?parent=11"}],"wp:term":[{"taxonomy":"category","embeddable":true,"href":"https:\/\/services.univ-avignon.fr\/dosi\/wp-json\/wp\/v2\/categories?post=11"},{"taxonomy":"post_tag","embeddable":true,"href":"https:\/\/services.univ-avignon.fr\/dosi\/wp-json\/wp\/v2\/tags?post=11"}],"curies":[{"name":"wp","href":"https:\/\/api.w.org\/{rel}","templated":true}]}}