{"id":15,"date":"2024-10-17T15:29:15","date_gmt":"2024-10-17T13:29:15","guid":{"rendered":"https:\/\/services.univ-avignon.fr\/dosi\/?page_id=15"},"modified":"2025-11-21T10:10:49","modified_gmt":"2025-11-21T09:10:49","slug":"indicateurs","status":"publish","type":"page","link":"https:\/\/services.univ-avignon.fr\/dosi\/indicateurs\/","title":{"rendered":"Indicateurs"},"content":{"rendered":"\n<p>Vous retrouverez sur cette page des indicateurs et statistiques sur des services num\u00e9riques.<br>Vous noterez que certains de ces indicateurs sont en acc\u00e8s r\u00e9serv\u00e9 et n\u00e9cessitent une identit\u00e9 num\u00e9rique de l&rsquo;Universit\u00e9 d&rsquo;Avignon.<br><a href=\"https:\/\/www.appigs.univ-avignon.fr\/menu_interv\/interv_stat.php?inst=1\" target=\"_blank\" rel=\"noreferrer noopener\">ALADIn &#8211; les demandes d&rsquo;assistances de la DOSI<\/a><\/p>\n\n\n\n<p><a href=\"https:\/\/activites.univ-avignon.fr\/service\/dashboard\/DOSI\" target=\"_blank\" rel=\"noreferrer noopener\">Catalogue d&rsquo;activit\u00e9s de la DOSI &#8211; [Identification Avignon Universit\u00e9]<\/a><\/p>\n\n\n\n<p><a href=\"https:\/\/inventaire.univ-avignon.fr\" target=\"_blank\" rel=\"noreferrer noopener\">Inventaire des ressources mat\u00e9rielles et logicielles<\/a><\/p>\n\n\n\n<p><a href=\"https:\/\/www.appigs.univ-avignon.fr\/menu_par\/chiffre_jour_aff.php\" target=\"_blank\" rel=\"noreferrer noopener\">Les chiffres du jour &#8211; [Identification Avignon Universit\u00e9]<\/a><\/p>\n\n\n\n<p><a href=\"https:\/\/travaux-dosi.univ-avignon.fr\" target=\"_blank\" rel=\"noreferrer noopener\">Les incidents et maintenances en cours et pass\u00e9s<\/a><\/p>\n\n\n\n<p><a href=\"https:\/\/dosi.univ-avignon.fr\/nouveautes\" target=\"_blank\" rel=\"noreferrer noopener\">Nouveaut\u00e9s DOSI<\/a><\/p>\n\n\n\n<p>Outils p\u00e9dagogiques (En maintenance)<\/p>\n\n\n\n<p>PARTAGE &#8211; Nombres de comptes, quotas et etc. (En maintenance)<\/p>\n\n\n\n<p><a href=\"https:\/\/dosiwp.univ-avignon.fr\/get_sites.php\" target=\"_blank\" rel=\"noreferrer noopener\">Plateforme Web : WordPress<\/a><\/p>\n\n\n\n<p><a href=\"https:\/\/dosiwp2.univ-avignon.fr\/get_sites.php\">Plateforme Web : WordPress 2<\/a><\/p>\n\n\n\n<p><a href=\"http:\/\/pretz.univ-avignon.fr\/stat\" target=\"_blank\" rel=\"noreferrer noopener\">PretZ &#8211; Pr\u00eat de mat\u00e9riel &#8211; [Identification Avignon Universit\u00e9]<\/a><\/p>\n\n\n\n<p><a href=\"https:\/\/tdb-public.univ-avignon.fr\" target=\"_blank\" rel=\"noreferrer noopener\">Tableaux de bords d&rsquo;usages des services num\u00e9riques et autres informations techniques<\/a><\/p>\n\n\n\n<p><a href=\"https:\/\/trajectoire-numerique.univ-avignon.fr\/\" target=\"_blank\" rel=\"noreferrer noopener\">Trajectoire du num\u00e9rique &#8211; Feuille de Route du Num\u00e9rique (FdRN)<\/a><\/p>\n\n\n\n<p><a href=\"http:\/\/cacti.univ-avignon.fr\/wm\" target=\"_blank\" rel=\"noreferrer noopener\">Weathermaps r\u00e9seau<\/a><\/p>\n","protected":false},"excerpt":{"rendered":"<p>Vous retrouverez sur cette page des indicateurs et statistiques sur des services num\u00e9riques.Vous noterez que certains de ces indicateurs sont en acc\u00e8s r\u00e9serv\u00e9 et n\u00e9cessitent une identit\u00e9 num\u00e9rique de l&rsquo;Universit\u00e9 d&rsquo;Avignon.ALADIn &#8211; les demandes d&rsquo;assistances de la DOSI Catalogue d&rsquo;activit\u00e9s de la DOSI &#8211; [Identification Avignon Universit\u00e9] Inventaire des ressources mat\u00e9rielles et logicielles Les chiffres [&hellip;]<\/p>\n","protected":false},"author":3,"featured_media":0,"parent":0,"menu_order":0,"comment_status":"closed","ping_status":"closed","template":"","meta":{"_acf_changed":false,"_relevanssi_hide_post":"","_relevanssi_hide_content":"","_relevanssi_pin_for_all":"","_relevanssi_pin_keywords":"","_relevanssi_unpin_keywords":"","_relevanssi_related_keywords":"","_relevanssi_related_include_ids":"","_relevanssi_related_exclude_ids":"","_relevanssi_related_no_append":"","_relevanssi_related_not_related":"","_relevanssi_related_posts":"1,72","_relevanssi_noindex_reason":"","footnotes":""},"categories":[],"tags":[],"class_list":["post-15","page","type-page","status-publish","hentry"],"acf":[],"_links":{"self":[{"href":"https:\/\/services.univ-avignon.fr\/dosi\/wp-json\/wp\/v2\/pages\/15","targetHints":{"allow":["GET"]}}],"collection":[{"href":"https:\/\/services.univ-avignon.fr\/dosi\/wp-json\/wp\/v2\/pages"}],"about":[{"href":"https:\/\/services.univ-avignon.fr\/dosi\/wp-json\/wp\/v2\/types\/page"}],"author":[{"embeddable":true,"href":"https:\/\/services.univ-avignon.fr\/dosi\/wp-json\/wp\/v2\/users\/3"}],"replies":[{"embeddable":true,"href":"https:\/\/services.univ-avignon.fr\/dosi\/wp-json\/wp\/v2\/comments?post=15"}],"version-history":[{"count":10,"href":"https:\/\/services.univ-avignon.fr\/dosi\/wp-json\/wp\/v2\/pages\/15\/revisions"}],"predecessor-version":[{"id":3399,"href":"https:\/\/services.univ-avignon.fr\/dosi\/wp-json\/wp\/v2\/pages\/15\/revisions\/3399"}],"wp:attachment":[{"href":"https:\/\/services.univ-avignon.fr\/dosi\/wp-json\/wp\/v2\/media?parent=15"}],"wp:term":[{"taxonomy":"category","embeddable":true,"href":"https:\/\/services.univ-avignon.fr\/dosi\/wp-json\/wp\/v2\/categories?post=15"},{"taxonomy":"post_tag","embeddable":true,"href":"https:\/\/services.univ-avignon.fr\/dosi\/wp-json\/wp\/v2\/tags?post=15"}],"curies":[{"name":"wp","href":"https:\/\/api.w.org\/{rel}","templated":true}]}}