{"id":98,"date":"2025-02-22T19:57:06","date_gmt":"2025-02-22T18:57:06","guid":{"rendered":"https:\/\/services.univ-avignon.fr\/dosi\/?page_id=98"},"modified":"2026-05-05T16:56:07","modified_gmt":"2026-05-05T14:56:07","slug":"presentation","status":"publish","type":"page","link":"https:\/\/services.univ-avignon.fr\/dosi\/presentation\/","title":{"rendered":"Pr\u00e9sentation"},"content":{"rendered":"\n<p>La Direction Op\u00e9rationnelle des Syst\u00e8mes d&rsquo;Information (DOSI) a pour missions :<br><\/p>\n\n\n\n<ul class=\"wp-block-list\">\n<li>de participer \u00e0 la d\u00e9finition et au pilotage strat\u00e9gique des politiques de d\u00e9veloppement et de valorisation du num\u00e9rique,<\/li>\n\n\n\n<li>le d\u00e9veloppement et l&rsquo;accompagnement op\u00e9rationnel des axes strat\u00e9giques du Syst\u00e8me d\u2019Information (SI) et de l\u2019ensemble des services num\u00e9riques, et en assure la ma\u00eetrise d\u2019\u0153uvre.<\/li>\n<\/ul>\n\n\n\n<p>La DOSI est compos\u00e9e des p\u00f4les Affaires G\u00e9n\u00e9rales, Assistance et DevOps.<\/p>\n\n\n\n<p>Cf. <a href=\"https:\/\/services.univ-avignon.fr\/dosi\/wp-content\/uploads\/sites\/2\/2025\/10\/251029-Organigramme-DOSI.pdf\">organigramme&nbsp;DOSI<\/a>.<\/p>\n\n\n\n<p><\/p>\n","protected":false},"excerpt":{"rendered":"<p>La Direction Op\u00e9rationnelle des Syst\u00e8mes d&rsquo;Information (DOSI) a pour missions : La DOSI est compos\u00e9e des p\u00f4les Affaires G\u00e9n\u00e9rales, Assistance et DevOps. Cf. organigramme&nbsp;DOSI.<\/p>\n","protected":false},"author":3,"featured_media":0,"parent":0,"menu_order":0,"comment_status":"closed","ping_status":"closed","template":"","meta":{"_acf_changed":false,"_relevanssi_hide_post":"","_relevanssi_hide_content":"","_relevanssi_pin_for_all":"","_relevanssi_pin_keywords":"","_relevanssi_unpin_keywords":"","_relevanssi_related_keywords":"","_relevanssi_related_include_ids":"","_relevanssi_related_exclude_ids":"","_relevanssi_related_no_append":"","_relevanssi_related_not_related":"","_relevanssi_related_posts":"72,1","_relevanssi_noindex_reason":"","footnotes":""},"categories":[],"tags":[],"class_list":["post-98","page","type-page","status-publish","hentry"],"acf":[],"_links":{"self":[{"href":"https:\/\/services.univ-avignon.fr\/dosi\/wp-json\/wp\/v2\/pages\/98","targetHints":{"allow":["GET"]}}],"collection":[{"href":"https:\/\/services.univ-avignon.fr\/dosi\/wp-json\/wp\/v2\/pages"}],"about":[{"href":"https:\/\/services.univ-avignon.fr\/dosi\/wp-json\/wp\/v2\/types\/page"}],"author":[{"embeddable":true,"href":"https:\/\/services.univ-avignon.fr\/dosi\/wp-json\/wp\/v2\/users\/3"}],"replies":[{"embeddable":true,"href":"https:\/\/services.univ-avignon.fr\/dosi\/wp-json\/wp\/v2\/comments?post=98"}],"version-history":[{"count":9,"href":"https:\/\/services.univ-avignon.fr\/dosi\/wp-json\/wp\/v2\/pages\/98\/revisions"}],"predecessor-version":[{"id":4142,"href":"https:\/\/services.univ-avignon.fr\/dosi\/wp-json\/wp\/v2\/pages\/98\/revisions\/4142"}],"wp:attachment":[{"href":"https:\/\/services.univ-avignon.fr\/dosi\/wp-json\/wp\/v2\/media?parent=98"}],"wp:term":[{"taxonomy":"category","embeddable":true,"href":"https:\/\/services.univ-avignon.fr\/dosi\/wp-json\/wp\/v2\/categories?post=98"},{"taxonomy":"post_tag","embeddable":true,"href":"https:\/\/services.univ-avignon.fr\/dosi\/wp-json\/wp\/v2\/tags?post=98"}],"curies":[{"name":"wp","href":"https:\/\/api.w.org\/{rel}","templated":true}]}}