{"id":13,"date":"2025-07-11T10:24:33","date_gmt":"2025-07-11T08:24:33","guid":{"rendered":"https:\/\/services.univ-avignon.fr\/dpac\/?page_id=13"},"modified":"2025-12-09T15:13:41","modified_gmt":"2025-12-09T14:13:41","slug":"presentation","status":"publish","type":"page","link":"https:\/\/services.univ-avignon.fr\/dpac\/presentation\/","title":{"rendered":"Pr\u00e9sentation"},"content":{"rendered":"\n<p>La Direction du Pilotage et de l\u2019Am\u00e9lioration Continue (DPAC) vise \u00e0 accompagner les transformations de l\u2019\u00e9tablissement en s\u2019appuyant sur des pratiques de pilotage structur\u00e9es, partag\u00e9es, et orient\u00e9es vers la satisfaction des utilisateurs.<\/p>\n\n\n\n<p class=\"has-text-align-left\">Elle est compos\u00e9e de deux p\u00f4les : DAP et PAC <\/p>\n\n\n\n<div class=\"wp-block-columns is-layout-flex wp-container-core-columns-is-layout-9d6595d7 wp-block-columns-is-layout-flex\">\n<div class=\"wp-block-column has-background is-layout-flow wp-block-column-is-layout-flow\" style=\"background-color:#f7a500ab;flex-basis:1000px\">\n<h1 class=\"wp-block-heading\"><strong>Donn\u00e9es et Aide au Pilotage &#8211; DAP :<\/strong><\/h1>\n\n\n\n<ul class=\"wp-block-list\">\n<li>Accompagner, construire, proposer et diffuser \u00e0 la gouvernance et aux diff\u00e9rents niveaux d\u00e9cisionnels (directions des structures internes) des tableaux de bord d\u2019aide au pilotage, notamment au travers du d\u00e9ploiement du syst\u00e8me d\u2019information d\u00e9cisionnel (SID)<\/li>\n\n\n\n<li>Assurer la production, le suivi et l\u2019analyse des indicateurs n\u00e9cessaires \u00e0 l\u2019\u00e9valuation de la trajectoire et de la performance de l\u2019\u00e9tablissement par rapport \u00e0 ses orientations strat\u00e9giques (indicateurs d\u2019\u00e9valuation, d\u2019auto\u00e9valuation, contrat \u2026) et r\u00e9pondre aux demandes externes<\/li>\n\n\n\n<li>D\u00e9ployer des mod\u00e8les de pr\u00e9vision et de contr\u00f4le de gestion<\/li>\n\n\n\n<li>R\u00e9aliser des enqu\u00eates, notamment aupr\u00e8s du public \u00e9tudiant, afin de pouvoir \u00e9valuer la performance de l\u2019\u00e9tablissement<\/li>\n<\/ul>\n<\/div>\n\n\n\n<div class=\"wp-block-column has-background is-layout-flow wp-block-column-is-layout-flow\" style=\"background-color:#6781a68c;flex-basis:1000px\">\n<h1 class=\"wp-block-heading\"><strong>P\u00f4le Process et Am\u00e9lioration Continue &#8211; PAC :<\/strong><\/h1>\n\n\n\n<ul class=\"wp-block-list\">\n<li>Accompagner et animer la d\u00e9marche d\u2019am\u00e9lioration continue<\/li>\n\n\n\n<li>Accompagner la ma\u00eetrise et l\u2019optimisation des processus, au travers de la d\u00e9mat\u00e9rialisation en particulier et la conduite du changement, notamment dans le cadre de grands projets de l\u2019universit\u00e9<\/li>\n\n\n\n<li>Accompagner l\u2019analyse et la ma\u00eetrise des risques (cartographie des risques, plan d\u2019actions de progr\u00e8s, suivi et \u00e9valuation des actions de progr\u00e8s\u2026)<\/li>\n\n\n\n<li>\u00c9valuer la ma\u00eetrise du fonctionnement et des op\u00e9rations de l\u2019\u00e9tablissement<\/li>\n<\/ul>\n<\/div>\n<\/div>\n\n\n\n<p class=\"has-text-align-center\"><strong>Favoriser une approche coh\u00e9rente et int\u00e9gr\u00e9e de l\u2019activit\u00e9 de l\u2019\u00e9tablissement<\/strong> <\/p>\n\n\n\n<p class=\"has-text-align-center\"><strong>Coordonner et intensifier les dispositifs de pilotage par les indicateurs<\/strong><\/p>\n\n\n\n<p class=\"has-text-align-center\"><strong>Accompagner les projets et les transformations de l\u2019\u00e9tablissement<\/strong><\/p>\n\n\n\n<p class=\"has-text-align-center has-text-color has-link-color wp-elements-f21d1d8c75b6bccdcddcbcb895023e09\" style=\"color:#ea5346\"><a href=\"https:\/\/services.univ-avignon.fr\/dpac\/wp-content\/uploads\/sites\/4\/2025\/08\/Organigramme-DPAC-2024.pdf\">Organigramme DPAC<\/a><\/p>\n\n\n\n<p><\/p>\n","protected":false},"excerpt":{"rendered":"<p>La Direction du Pilotage et de l\u2019Am\u00e9lioration Continue (DPAC) vise \u00e0 accompagner les transformations de l\u2019\u00e9tablissement en s\u2019appuyant sur des pratiques de pilotage structur\u00e9es, partag\u00e9es, et orient\u00e9es vers la satisfaction des utilisateurs. Elle est compos\u00e9e de deux p\u00f4les : DAP et PAC Donn\u00e9es et Aide au Pilotage &#8211; DAP : P\u00f4le Process et Am\u00e9lioration Continue [&hellip;]<\/p>\n","protected":false},"author":208,"featured_media":0,"parent":0,"menu_order":0,"comment_status":"closed","ping_status":"closed","template":"","meta":{"_acf_changed":false,"_relevanssi_hide_post":"","_relevanssi_hide_content":"","_relevanssi_pin_for_all":"","_relevanssi_pin_keywords":"","_relevanssi_unpin_keywords":"","_relevanssi_related_keywords":"","_relevanssi_related_include_ids":"","_relevanssi_related_exclude_ids":"","_relevanssi_related_no_append":"","_relevanssi_related_not_related":"","_relevanssi_related_posts":"1","_relevanssi_noindex_reason":"","footnotes":""},"categories":[],"tags":[],"class_list":["post-13","page","type-page","status-publish","hentry"],"acf":[],"_links":{"self":[{"href":"https:\/\/services.univ-avignon.fr\/dpac\/wp-json\/wp\/v2\/pages\/13","targetHints":{"allow":["GET"]}}],"collection":[{"href":"https:\/\/services.univ-avignon.fr\/dpac\/wp-json\/wp\/v2\/pages"}],"about":[{"href":"https:\/\/services.univ-avignon.fr\/dpac\/wp-json\/wp\/v2\/types\/page"}],"author":[{"embeddable":true,"href":"https:\/\/services.univ-avignon.fr\/dpac\/wp-json\/wp\/v2\/users\/208"}],"replies":[{"embeddable":true,"href":"https:\/\/services.univ-avignon.fr\/dpac\/wp-json\/wp\/v2\/comments?post=13"}],"version-history":[{"count":18,"href":"https:\/\/services.univ-avignon.fr\/dpac\/wp-json\/wp\/v2\/pages\/13\/revisions"}],"predecessor-version":[{"id":193,"href":"https:\/\/services.univ-avignon.fr\/dpac\/wp-json\/wp\/v2\/pages\/13\/revisions\/193"}],"wp:attachment":[{"href":"https:\/\/services.univ-avignon.fr\/dpac\/wp-json\/wp\/v2\/media?parent=13"}],"wp:term":[{"taxonomy":"category","embeddable":true,"href":"https:\/\/services.univ-avignon.fr\/dpac\/wp-json\/wp\/v2\/categories?post=13"},{"taxonomy":"post_tag","embeddable":true,"href":"https:\/\/services.univ-avignon.fr\/dpac\/wp-json\/wp\/v2\/tags?post=13"}],"curies":[{"name":"wp","href":"https:\/\/api.w.org\/{rel}","templated":true}]}}