{"id":18,"date":"2025-07-11T10:30:53","date_gmt":"2025-07-11T08:30:53","guid":{"rendered":"https:\/\/services.univ-avignon.fr\/dpac\/?page_id=18"},"modified":"2025-09-22T14:57:57","modified_gmt":"2025-09-22T12:57:57","slug":"contacts","status":"publish","type":"page","link":"https:\/\/services.univ-avignon.fr\/dpac\/contacts\/","title":{"rendered":"Contacts"},"content":{"rendered":"\n<p><strong>Direction<\/strong> : Clotilde Savarit &#8211; 29 51 <\/p>\n\n\n\n<p><em>resp-dpac@univ-avignon.fr<\/em><\/p>\n\n\n\n<p><em>adm-dpac@listes.univ-avignon.fr<\/em><\/p>\n\n\n\n<p>&#8212;&#8212;&#8212;&#8212;&#8212;&#8212;&#8212;&#8212;&#8212;&#8212;&#8212;&#8212;&#8212;&#8212;&#8212;&#8212;&#8212;&#8212;&#8212;&#8212;&#8212;&#8212;&#8211;<\/p>\n\n\n\n<div class=\"wp-block-columns is-layout-flex wp-container-core-columns-is-layout-9d6595d7 wp-block-columns-is-layout-flex\">\n<div class=\"wp-block-column has-black-color has-text-color has-background has-link-color wp-elements-e5812203d8df830e9106170827677d53 is-layout-flow wp-block-column-is-layout-flow\" style=\"background-color:#f7a500ab\">\n<h1 class=\"wp-block-heading has-medium-font-size\"><strong>Donn\u00e9es et Aide au Pilotage &#8211; DAP :<\/strong><\/h1>\n\n\n\n<p>Chlo\u00e9 Viaux : 26 46<\/p>\n\n\n\n<p>Lilia Kh\u00e9dim : 27 09<\/p>\n\n\n\n<p>J\u00e9r\u00e9mie Lopez : 28 19<\/p>\n\n\n\n<p><em>aide-pilotage@univ-avignon.fr<\/em><\/p>\n\n\n\n<p><em>ofip@univ-avignon.fr<\/em><\/p>\n<\/div>\n\n\n\n<div class=\"wp-block-column has-black-color has-text-color has-background has-link-color wp-elements-32be0166ab3db89af6327a7f11a5529a is-layout-flow wp-block-column-is-layout-flow\" style=\"background-color:#6781a68c\">\n<h1 class=\"wp-block-heading has-black-color has-text-color has-link-color has-medium-font-size wp-elements-e3e543f068d712876a4f4e4e76d55f0d\"><strong>P\u00f4le Process et Am\u00e9lioration Continue &#8211; PAC :<\/strong><\/h1>\n\n\n\n<p class=\"has-black-color has-text-color has-link-color wp-elements-f55703db2da14179132021b6d84ea986\">Nathalie Baude : 25 40<\/p>\n\n\n\n<p class=\"has-black-color has-text-color has-link-color wp-elements-52abde794da607d7fc6494f95ce28318\">Caroline Portal : 26 77<\/p>\n\n\n\n<p class=\"has-black-color has-text-color has-link-color wp-elements-9ac00cf961d1ea846fe5a532228b76c6\"><\/p>\n\n\n\n<p class=\"has-black-color has-text-color has-link-color wp-elements-81d60e470d44e3deb5645dd705b6da33\"><em> controle-interne@univ-avignon.fr<\/em><\/p>\n<\/div>\n<\/div>\n\n\n\n<p>La DPAC se situe au rez-de-chauss\u00e9e du Campus Hannah Arendt (B\u00e2timent Nord) dans les bureaux 0W26 et 0W25<\/p>\n\n\n\n<p class=\"has-text-align-center has-text-color has-link-color wp-elements-f21d1d8c75b6bccdcddcbcb895023e09\" style=\"color:#ea5346\"><a href=\"https:\/\/services.univ-avignon.fr\/dpac\/wp-content\/uploads\/sites\/4\/2025\/08\/Organigramme-DPAC-2024.pdf\">Organigramme DPAC<\/a><\/p>\n","protected":false},"excerpt":{"rendered":"<p>Direction : Clotilde Savarit &#8211; 29 51 resp-dpac@univ-avignon.fr adm-dpac@listes.univ-avignon.fr &#8212;&#8212;&#8212;&#8212;&#8212;&#8212;&#8212;&#8212;&#8212;&#8212;&#8212;&#8212;&#8212;&#8212;&#8212;&#8212;&#8212;&#8212;&#8212;&#8212;&#8212;&#8212;&#8211; Donn\u00e9es et Aide au Pilotage &#8211; DAP : Chlo\u00e9 Viaux : 26 46 Lilia Kh\u00e9dim : 27 09 J\u00e9r\u00e9mie Lopez : 28 19 aide-pilotage@univ-avignon.fr ofip@univ-avignon.fr P\u00f4le Process et Am\u00e9lioration Continue &#8211; PAC : Nathalie Baude : 25 40 Caroline Portal : 26 77 controle-interne@univ-avignon.fr La [&hellip;]<\/p>\n","protected":false},"author":208,"featured_media":0,"parent":0,"menu_order":0,"comment_status":"closed","ping_status":"closed","template":"","meta":{"_acf_changed":false,"_relevanssi_hide_post":"","_relevanssi_hide_content":"","_relevanssi_pin_for_all":"","_relevanssi_pin_keywords":"","_relevanssi_unpin_keywords":"","_relevanssi_related_keywords":"","_relevanssi_related_include_ids":"","_relevanssi_related_exclude_ids":"","_relevanssi_related_no_append":"","_relevanssi_related_not_related":"","_relevanssi_related_posts":"1","_relevanssi_noindex_reason":"","footnotes":""},"categories":[],"tags":[],"class_list":["post-18","page","type-page","status-publish","hentry"],"acf":[],"_links":{"self":[{"href":"https:\/\/services.univ-avignon.fr\/dpac\/wp-json\/wp\/v2\/pages\/18","targetHints":{"allow":["GET"]}}],"collection":[{"href":"https:\/\/services.univ-avignon.fr\/dpac\/wp-json\/wp\/v2\/pages"}],"about":[{"href":"https:\/\/services.univ-avignon.fr\/dpac\/wp-json\/wp\/v2\/types\/page"}],"author":[{"embeddable":true,"href":"https:\/\/services.univ-avignon.fr\/dpac\/wp-json\/wp\/v2\/users\/208"}],"replies":[{"embeddable":true,"href":"https:\/\/services.univ-avignon.fr\/dpac\/wp-json\/wp\/v2\/comments?post=18"}],"version-history":[{"count":14,"href":"https:\/\/services.univ-avignon.fr\/dpac\/wp-json\/wp\/v2\/pages\/18\/revisions"}],"predecessor-version":[{"id":113,"href":"https:\/\/services.univ-avignon.fr\/dpac\/wp-json\/wp\/v2\/pages\/18\/revisions\/113"}],"wp:attachment":[{"href":"https:\/\/services.univ-avignon.fr\/dpac\/wp-json\/wp\/v2\/media?parent=18"}],"wp:term":[{"taxonomy":"category","embeddable":true,"href":"https:\/\/services.univ-avignon.fr\/dpac\/wp-json\/wp\/v2\/categories?post=18"},{"taxonomy":"post_tag","embeddable":true,"href":"https:\/\/services.univ-avignon.fr\/dpac\/wp-json\/wp\/v2\/tags?post=18"}],"curies":[{"name":"wp","href":"https:\/\/api.w.org\/{rel}","templated":true}]}}