{"id":22,"date":"2025-07-11T10:36:53","date_gmt":"2025-07-11T08:36:53","guid":{"rendered":"https:\/\/services.univ-avignon.fr\/dpac\/?page_id=22"},"modified":"2025-12-09T15:13:18","modified_gmt":"2025-12-09T14:13:18","slug":"outils","status":"publish","type":"page","link":"https:\/\/services.univ-avignon.fr\/dpac\/outils\/","title":{"rendered":"Outils"},"content":{"rendered":"\n<p>Les outils d\u00e9velopp\u00e9s avec et par la DPAC sont le <strong>SID (Syst\u00e8me d&rsquo;Informations D\u00e9cisionnelles) <\/strong>et <strong>PYX4<\/strong>, l&rsquo;outil de Management par les Processus<\/p>\n\n\n\n<div class=\"wp-block-columns is-layout-flex wp-container-core-columns-is-layout-9d6595d7 wp-block-columns-is-layout-flex\">\n<div class=\"wp-block-column has-background is-layout-flow wp-block-column-is-layout-flow\" style=\"background-color:#f7a500ab;flex-basis:1000px\">\n<h1 class=\"wp-block-heading\">SID &#8211; Piloter avec des donn\u00e9es<\/h1>\n\n\n\n<p><a href=\"https:\/\/sid.univ-avignon.fr\/Reports\">Acc\u00e8s au SID <\/a>\ud83d\udd10<\/p>\n\n\n\n<p>Le SID permet d&rsquo;alimenter des tableaux de bord \u00e0 partir de nos diff\u00e9rents syst\u00e8mes d&rsquo;information (SI).<\/p>\n\n\n\n<p>La DPAC construit \u00e0 partir des donn\u00e9es fiabilis\u00e9es de nos SI des indicateurs \u00e0 destination des diff\u00e9rents publics de l&rsquo;universit\u00e9 (Gouvernance, responsables selon les domaines, gestionnaires etc&#8230;)<\/p>\n\n\n\n<p>Aujourd&rsquo;hui, le SID est seulement connect\u00e9 automatiquement \u00e0 la \u00ab\u00a0brique Finance\u00a0\u00bb directement sur SIFAC+.<\/p>\n\n\n\n<p>Toutefois, la DPAC construit d&rsquo;autres tableaux de bord \u00e0 partir de donn\u00e9es extraites \u00e0 un instant t permettant d&rsquo;avoir des informations au niveau des formations (effectifs, suivi des enqu\u00eates \u00e9tudiantes etc), des charges d&rsquo;enseignement, du suivi de la taxe d&rsquo;apprentissage.<\/p>\n\n\n\n<p>La DPAC s&rsquo;att\u00e8le \u00e0 construire de nouveaux tableaux de bord dans les domaines RH et de la Recherche.<\/p>\n\n\n\n<p>Sources des donn\u00e9es : NEIGE, Enqu\u00eates OFIP, SIFAC+, SIHAM, OSE, PLEIADE<\/p>\n\n\n\n<p><\/p>\n<\/div>\n\n\n\n<div class=\"wp-block-column has-background is-layout-flow wp-block-column-is-layout-flow\" style=\"background-color:#6781a68c;flex-basis:1000px\">\n<h1 class=\"wp-block-heading\">PYX4 &#8211; Piloter par les Process<\/h1>\n\n\n\n<p><a href=\"https:\/\/univ-avignon.pyx4.com\/users\/saml\/confirm_sign_in\">Acc\u00e8s \u00e0 PYX4<\/a> \ud83d\udd10<\/p>\n\n\n\n<p>PYX4 est con\u00e7u pour optimiser les processus, booster la d\u00e9marche d\u2019am\u00e9lioration continue et ma\u00eetriser les risques en impliquant toutes les  \u00e9quipes.<\/p>\n\n\n\n<p>A ce jour, la DPAC est dot\u00e9e du module Process permettant de cartographier, valider et diffuser toutes les activit\u00e9s de l&rsquo;universit\u00e9.<\/p>\n\n\n\n<p>Un R\u00e9seau R\u00e9f\u00e9rents Am\u00e9lioration Continue a \u00e9t\u00e9 constitu\u00e9, qui travaille en collaboration avec le p\u00f4le PAC la DPAC pour \u00e9laborer des cartographies de premier niveau et les process associ\u00e9s dans les directions supports suivantes : DRH, DAJI, DRI, DES, DARI, SFTLV. Ils sont PowerUsers dans PYX4.<\/p>\n\n\n\n<p><\/p>\n<\/div>\n<\/div>\n\n\n\n<p><\/p>\n","protected":false},"excerpt":{"rendered":"<p>Les outils d\u00e9velopp\u00e9s avec et par la DPAC sont le SID (Syst\u00e8me d&rsquo;Informations D\u00e9cisionnelles) et PYX4, l&rsquo;outil de Management par les Processus SID &#8211; Piloter avec des donn\u00e9es Acc\u00e8s au SID \ud83d\udd10 Le SID permet d&rsquo;alimenter des tableaux de bord \u00e0 partir de nos diff\u00e9rents syst\u00e8mes d&rsquo;information (SI). La DPAC construit \u00e0 partir des donn\u00e9es [&hellip;]<\/p>\n","protected":false},"author":208,"featured_media":0,"parent":0,"menu_order":0,"comment_status":"closed","ping_status":"closed","template":"","meta":{"_acf_changed":false,"_relevanssi_hide_post":"","_relevanssi_hide_content":"","_relevanssi_pin_for_all":"","_relevanssi_pin_keywords":"","_relevanssi_unpin_keywords":"","_relevanssi_related_keywords":"","_relevanssi_related_include_ids":"","_relevanssi_related_exclude_ids":"","_relevanssi_related_no_append":"","_relevanssi_related_not_related":"","_relevanssi_related_posts":"1","_relevanssi_noindex_reason":"","footnotes":""},"categories":[],"tags":[],"class_list":["post-22","page","type-page","status-publish","hentry"],"acf":[],"_links":{"self":[{"href":"https:\/\/services.univ-avignon.fr\/dpac\/wp-json\/wp\/v2\/pages\/22","targetHints":{"allow":["GET"]}}],"collection":[{"href":"https:\/\/services.univ-avignon.fr\/dpac\/wp-json\/wp\/v2\/pages"}],"about":[{"href":"https:\/\/services.univ-avignon.fr\/dpac\/wp-json\/wp\/v2\/types\/page"}],"author":[{"embeddable":true,"href":"https:\/\/services.univ-avignon.fr\/dpac\/wp-json\/wp\/v2\/users\/208"}],"replies":[{"embeddable":true,"href":"https:\/\/services.univ-avignon.fr\/dpac\/wp-json\/wp\/v2\/comments?post=22"}],"version-history":[{"count":9,"href":"https:\/\/services.univ-avignon.fr\/dpac\/wp-json\/wp\/v2\/pages\/22\/revisions"}],"predecessor-version":[{"id":192,"href":"https:\/\/services.univ-avignon.fr\/dpac\/wp-json\/wp\/v2\/pages\/22\/revisions\/192"}],"wp:attachment":[{"href":"https:\/\/services.univ-avignon.fr\/dpac\/wp-json\/wp\/v2\/media?parent=22"}],"wp:term":[{"taxonomy":"category","embeddable":true,"href":"https:\/\/services.univ-avignon.fr\/dpac\/wp-json\/wp\/v2\/categories?post=22"},{"taxonomy":"post_tag","embeddable":true,"href":"https:\/\/services.univ-avignon.fr\/dpac\/wp-json\/wp\/v2\/tags?post=22"}],"curies":[{"name":"wp","href":"https:\/\/api.w.org\/{rel}","templated":true}]}}