{"id":5,"date":"2026-03-09T09:30:41","date_gmt":"2026-03-09T08:30:41","guid":{"rendered":"https:\/\/services.univ-avignon.fr\/dri\/?page_id=5"},"modified":"2026-03-17T14:53:24","modified_gmt":"2026-03-17T13:53:24","slug":"accueil","status":"publish","type":"page","link":"https:\/\/services.univ-avignon.fr\/dri\/","title":{"rendered":"Accueil"},"content":{"rendered":"\n<p>La Direction des Relations internationales (DRI) comprend 2 services :<br>Le Service des Langues (SDL) et le Service des Relations Internationales (SRI)<\/p>\n\n\n\n<p><\/p>\n\n\n\n<p>Les activit\u00e9s sont d\u00e9clin\u00e9es sur la page <a href=\"https:\/\/services.univ-avignon.fr\/dri\/presentation\/\" data-type=\"page\" data-id=\"7\">PRESENTATION<\/a><\/p>\n\n\n\n<p>Localisation : <\/p>\n\n\n\n<p>Avignon Universit\u00e9<br>Campus Hannah Arendt, Site Sainte-Marthe<br>74 rue Louis Pasteur<br>84000 Avignon<br>Direction des Relations Internationales<br>Bureau 0E 39 (arri\u00e8re b\u00e2timent Nord c\u00f4t\u00e9 Saint Lazare)<br>B\u00e2timent Nord<\/p>\n\n\n\n<h2 class=\"wp-block-heading\">Contacts<\/h2>\n\n\n\n<p><a href=\"mailto:dri@univ-avignon.fr\">dri@univ-avignon.fr<\/a><\/p>\n\n\n\n<p><\/p>\n\n\n\n<p>Directrice : Fran\u00e7oise ARFELLI<\/p>\n\n\n\n<h2 class=\"wp-block-heading\">Horaires d\u2019ouverture<\/h2>\n\n\n\n<p>Du lundi au Jeudi<br>de 9h \u00e0 12h et de 14h \u00e0 17h<\/p>\n\n\n\n<p><\/p>\n","protected":false},"excerpt":{"rendered":"<p>La Direction des Relations internationales (DRI) comprend 2 services :Le Service des Langues (SDL) et le Service des Relations Internationales (SRI) Les activit\u00e9s sont d\u00e9clin\u00e9es sur la page PRESENTATION Localisation : Avignon Universit\u00e9Campus Hannah Arendt, Site Sainte-Marthe74 rue Louis Pasteur84000 AvignonDirection des Relations InternationalesBureau 0E 39 (arri\u00e8re b\u00e2timent Nord c\u00f4t\u00e9 Saint Lazare)B\u00e2timent Nord Contacts dri@univ-avignon.fr [&hellip;]<\/p>\n","protected":false},"author":3,"featured_media":0,"parent":0,"menu_order":0,"comment_status":"closed","ping_status":"closed","template":"home-service.php","meta":{"_acf_changed":false,"_relevanssi_hide_post":"","_relevanssi_hide_content":"","_relevanssi_pin_for_all":"","_relevanssi_pin_keywords":"","_relevanssi_unpin_keywords":"","_relevanssi_related_keywords":"","_relevanssi_related_include_ids":"","_relevanssi_related_exclude_ids":"","_relevanssi_related_no_append":"","_relevanssi_related_not_related":"","_relevanssi_related_posts":"1","_relevanssi_noindex_reason":"","footnotes":""},"categories":[],"tags":[],"class_list":["post-5","page","type-page","status-publish","hentry"],"acf":[],"_links":{"self":[{"href":"https:\/\/services.univ-avignon.fr\/dri\/wp-json\/wp\/v2\/pages\/5","targetHints":{"allow":["GET"]}}],"collection":[{"href":"https:\/\/services.univ-avignon.fr\/dri\/wp-json\/wp\/v2\/pages"}],"about":[{"href":"https:\/\/services.univ-avignon.fr\/dri\/wp-json\/wp\/v2\/types\/page"}],"author":[{"embeddable":true,"href":"https:\/\/services.univ-avignon.fr\/dri\/wp-json\/wp\/v2\/users\/3"}],"replies":[{"embeddable":true,"href":"https:\/\/services.univ-avignon.fr\/dri\/wp-json\/wp\/v2\/comments?post=5"}],"version-history":[{"count":2,"href":"https:\/\/services.univ-avignon.fr\/dri\/wp-json\/wp\/v2\/pages\/5\/revisions"}],"predecessor-version":[{"id":32,"href":"https:\/\/services.univ-avignon.fr\/dri\/wp-json\/wp\/v2\/pages\/5\/revisions\/32"}],"wp:attachment":[{"href":"https:\/\/services.univ-avignon.fr\/dri\/wp-json\/wp\/v2\/media?parent=5"}],"wp:term":[{"taxonomy":"category","embeddable":true,"href":"https:\/\/services.univ-avignon.fr\/dri\/wp-json\/wp\/v2\/categories?post=5"},{"taxonomy":"post_tag","embeddable":true,"href":"https:\/\/services.univ-avignon.fr\/dri\/wp-json\/wp\/v2\/tags?post=5"}],"curies":[{"name":"wp","href":"https:\/\/api.w.org\/{rel}","templated":true}]}}