{"id":7,"date":"2026-03-09T09:31:23","date_gmt":"2026-03-09T08:31:23","guid":{"rendered":"https:\/\/services.univ-avignon.fr\/dri\/?page_id=7"},"modified":"2026-03-17T14:42:07","modified_gmt":"2026-03-17T13:42:07","slug":"presentation","status":"publish","type":"page","link":"https:\/\/services.univ-avignon.fr\/dri\/presentation\/","title":{"rendered":"Pr\u00e9sentation"},"content":{"rendered":"\n<p>La Direction des Relations internationales (DRI) comprend  2 services : <br>Le Service des Langues (SDL) et le Service des Relations Internationales (SRI)<\/p>\n\n\n\n<p><\/p>\n\n\n\n<p><strong>Le SDL g\u00e8re :<\/strong><br>&#8211; un DU d&rsquo;\u00e9tudes Fran\u00e7aises &#8211; DUEF , qui propose des cours de Fran\u00e7ais Langue Etrang\u00e8re (FLE) pour un public international, du niveau grand d\u00e9butant (A1) au niveau confirm\u00e9 (B2).<br>&#8211; L&rsquo;inscription administrative et les encaissements du DUEF<br>&#8211; les tests nationaux DELF-DALF du niveau A1 au niveau C1 en d\u00e9cembre et d\u00e9but juin, inscription, encaissements, facturations et mise en place des sessions de tests<br>&#8211; les UEO Italien Espagnol et FLE<br>&#8211; des cours sur mesure pour groupes \u00e9trangers<br>&#8211; la certification en anglais r\u00e9serv\u00e9 aux \u00e9tudiants de L3, BUT3 et licence professionnelle<br>&#8211; le TOEIC pour les \u00e9tudiants de M2 Cursus Master Ing\u00e9nierie<br>&#8211; les cours de FLE pour les \u00e9coles doctorales<\/p>\n\n\n\n<p><strong>Le SRI g\u00e8re : <\/strong><br>&#8211; les accords internationaux hors recherche<br>&#8211; l&rsquo;accueil et l&rsquo;accompagnement administratif de tous les \u00e9tudiants internationaux hors doctorants et chercheurs (pour ceci, voir la DARI)<br>&#8211; l&rsquo;inscription administrative des \u00e9tudiants en \u00e9change<br>&#8211; les accords Erasmus<br>&#8211; les cr\u00e9ations de double-dipl\u00f4mes et dipl\u00f4mes internationaux<br>&#8211; la gestion de la mobilit\u00e9 entrante et sortante des \u00e9tudiants , les commissions de bourses d&rsquo;aide \u00e0 la mobilit\u00e9<br>&#8211; les bourses d&rsquo;excellence Master Eiffel, les bourses d&rsquo;excellence Master Mistral <br>&#8211; le paiement des bourses de mobilit\u00e9<br>&#8211; les UEO \u00ab\u00a0parrainage international\u00a0\u00bb et \u00ab\u00a0pr\u00e9paration \u00e0 la mobilit\u00e9 internationale\u00a0\u00bb<\/p>\n\n\n\n<p><\/p>\n\n\n\n<p><strong>Attention, la DRI ne g\u00e8re PAS : <\/strong><br>&#8211; la recherche de stages ni le d\u00e9part en stage \u00e0 l&rsquo;\u00e9tranger (voir les composantes d&rsquo;enseignement)<br>&#8211; les affectations de places en mobilit\u00e9 ( ceci est assur\u00e9 par un r\u00e9f\u00e9rent international enseignant dans chaque composante\/fili\u00e8re)<br>&#8211; les doctorants et chercheurs invit\u00e9s ( voir la DARI)<br>&#8211; la traduction des relev\u00e9s de notes (traduire puis demander \u00e0 vos enseignants de v\u00e9rifier)<br>&#8211; l&rsquo;inscription \u00e0 l&rsquo;universit\u00e9 des \u00e9tudiants hors \u00e9change ( effectu\u00e9e dans les composantes)<\/p>\n\n\n\n<p><\/p>\n\n\n\n<p><\/p>\n\n\n\n<p><\/p>\n","protected":false},"excerpt":{"rendered":"<p>La Direction des Relations internationales (DRI) comprend 2 services : Le Service des Langues (SDL) et le Service des Relations Internationales (SRI) Le SDL g\u00e8re :&#8211; un DU d&rsquo;\u00e9tudes Fran\u00e7aises &#8211; DUEF , qui propose des cours de Fran\u00e7ais Langue Etrang\u00e8re (FLE) pour un public international, du niveau grand d\u00e9butant (A1) au niveau confirm\u00e9 (B2).&#8211; [&hellip;]<\/p>\n","protected":false},"author":3,"featured_media":0,"parent":0,"menu_order":0,"comment_status":"closed","ping_status":"closed","template":"","meta":{"_acf_changed":false,"_relevanssi_hide_post":"","_relevanssi_hide_content":"","_relevanssi_pin_for_all":"","_relevanssi_pin_keywords":"","_relevanssi_unpin_keywords":"","_relevanssi_related_keywords":"","_relevanssi_related_include_ids":"","_relevanssi_related_exclude_ids":"","_relevanssi_related_no_append":"","_relevanssi_related_not_related":"","_relevanssi_related_posts":"1","_relevanssi_noindex_reason":"","footnotes":""},"categories":[],"tags":[],"class_list":["post-7","page","type-page","status-publish","hentry"],"acf":[],"_links":{"self":[{"href":"https:\/\/services.univ-avignon.fr\/dri\/wp-json\/wp\/v2\/pages\/7","targetHints":{"allow":["GET"]}}],"collection":[{"href":"https:\/\/services.univ-avignon.fr\/dri\/wp-json\/wp\/v2\/pages"}],"about":[{"href":"https:\/\/services.univ-avignon.fr\/dri\/wp-json\/wp\/v2\/types\/page"}],"author":[{"embeddable":true,"href":"https:\/\/services.univ-avignon.fr\/dri\/wp-json\/wp\/v2\/users\/3"}],"replies":[{"embeddable":true,"href":"https:\/\/services.univ-avignon.fr\/dri\/wp-json\/wp\/v2\/comments?post=7"}],"version-history":[{"count":4,"href":"https:\/\/services.univ-avignon.fr\/dri\/wp-json\/wp\/v2\/pages\/7\/revisions"}],"predecessor-version":[{"id":29,"href":"https:\/\/services.univ-avignon.fr\/dri\/wp-json\/wp\/v2\/pages\/7\/revisions\/29"}],"wp:attachment":[{"href":"https:\/\/services.univ-avignon.fr\/dri\/wp-json\/wp\/v2\/media?parent=7"}],"wp:term":[{"taxonomy":"category","embeddable":true,"href":"https:\/\/services.univ-avignon.fr\/dri\/wp-json\/wp\/v2\/categories?post=7"},{"taxonomy":"post_tag","embeddable":true,"href":"https:\/\/services.univ-avignon.fr\/dri\/wp-json\/wp\/v2\/tags?post=7"}],"curies":[{"name":"wp","href":"https:\/\/api.w.org\/{rel}","templated":true}]}}