{"id":10,"date":"2026-01-12T15:55:19","date_gmt":"2026-01-12T14:55:19","guid":{"rendered":"https:\/\/services.univ-avignon.fr\/presidence\/?page_id=10"},"modified":"2026-03-19T19:11:08","modified_gmt":"2026-03-19T18:11:08","slug":"presentation","status":"publish","type":"page","link":"https:\/\/services.univ-avignon.fr\/presidence\/presentation\/","title":{"rendered":"Pr\u00e9sentation"},"content":{"rendered":"\n<p>La pr\u00e9sidence et la direction g\u00e9n\u00e9rale des services assurent le pilotage strat\u00e9gique, institutionnel et administratif d\u2019Avignon Universit\u00e9. Elles accompagnent la mise en \u0153uvre du projet d\u2019\u00e9tablissement, coordonnent l\u2019action des services et veillent au bon fonctionnement de l\u2019universit\u00e9.<\/p>\n\n\n\n<p>Elles sont au service de la communaut\u00e9 universitaire et contribuent \u00e0 la qualit\u00e9 de l\u2019organisation, \u00e0 la s\u00e9curisation des d\u00e9cisions et \u00e0 l\u2019accompagnement des projets structurants de l\u2019\u00e9tablissement.<\/p>\n","protected":false},"excerpt":{"rendered":"<p>La pr\u00e9sidence et la direction g\u00e9n\u00e9rale des services assurent le pilotage strat\u00e9gique, institutionnel et administratif d\u2019Avignon Universit\u00e9. Elles accompagnent la mise en \u0153uvre du projet d\u2019\u00e9tablissement, coordonnent l\u2019action des services et veillent au bon fonctionnement de l\u2019universit\u00e9. Elles sont au service de la communaut\u00e9 universitaire et contribuent \u00e0 la qualit\u00e9 de l\u2019organisation, \u00e0 la s\u00e9curisation [&hellip;]<\/p>\n","protected":false},"author":3,"featured_media":0,"parent":0,"menu_order":0,"comment_status":"closed","ping_status":"closed","template":"","meta":{"_acf_changed":false,"_relevanssi_hide_post":"","_relevanssi_hide_content":"","_relevanssi_pin_for_all":"","_relevanssi_pin_keywords":"","_relevanssi_unpin_keywords":"","_relevanssi_related_keywords":"","_relevanssi_related_include_ids":"","_relevanssi_related_exclude_ids":"","_relevanssi_related_no_append":"","_relevanssi_related_not_related":"","_relevanssi_related_posts":"1","_relevanssi_noindex_reason":"","footnotes":""},"categories":[],"tags":[],"class_list":["post-10","page","type-page","status-publish","hentry"],"acf":[],"_links":{"self":[{"href":"https:\/\/services.univ-avignon.fr\/presidence\/wp-json\/wp\/v2\/pages\/10","targetHints":{"allow":["GET"]}}],"collection":[{"href":"https:\/\/services.univ-avignon.fr\/presidence\/wp-json\/wp\/v2\/pages"}],"about":[{"href":"https:\/\/services.univ-avignon.fr\/presidence\/wp-json\/wp\/v2\/types\/page"}],"author":[{"embeddable":true,"href":"https:\/\/services.univ-avignon.fr\/presidence\/wp-json\/wp\/v2\/users\/3"}],"replies":[{"embeddable":true,"href":"https:\/\/services.univ-avignon.fr\/presidence\/wp-json\/wp\/v2\/comments?post=10"}],"version-history":[{"count":2,"href":"https:\/\/services.univ-avignon.fr\/presidence\/wp-json\/wp\/v2\/pages\/10\/revisions"}],"predecessor-version":[{"id":58,"href":"https:\/\/services.univ-avignon.fr\/presidence\/wp-json\/wp\/v2\/pages\/10\/revisions\/58"}],"wp:attachment":[{"href":"https:\/\/services.univ-avignon.fr\/presidence\/wp-json\/wp\/v2\/media?parent=10"}],"wp:term":[{"taxonomy":"category","embeddable":true,"href":"https:\/\/services.univ-avignon.fr\/presidence\/wp-json\/wp\/v2\/categories?post=10"},{"taxonomy":"post_tag","embeddable":true,"href":"https:\/\/services.univ-avignon.fr\/presidence\/wp-json\/wp\/v2\/tags?post=10"}],"curies":[{"name":"wp","href":"https:\/\/api.w.org\/{rel}","templated":true}]}}