{"id":13,"date":"2026-01-12T15:55:45","date_gmt":"2026-01-12T14:55:45","guid":{"rendered":"https:\/\/services.univ-avignon.fr\/presidence\/?page_id=13"},"modified":"2026-03-19T19:10:18","modified_gmt":"2026-03-19T18:10:18","slug":"contacts","status":"publish","type":"page","link":"https:\/\/services.univ-avignon.fr\/presidence\/contacts\/","title":{"rendered":"Contacts"},"content":{"rendered":"\n<p>Pour contacter le secr\u00e9tariat de la pr\u00e9sidence &#8211; direction g\u00e9n\u00e9rale : <\/p>\n\n\n\n<p><strong>\u00c9milie Galleron : gestionnaire administrative<\/strong><\/p>\n\n\n\n<p>04 90 16 27 67 &#8211; emilie.galleron@univ-avignon.fr <strong> <\/strong><\/p>\n\n\n\n<p><strong>Laetitia Giorlanda : charg\u00e9e d&rsquo;affaires administratives et institutionnelles &#8211; Protocole<\/strong><\/p>\n\n\n\n<p>04 90 16 25 25<\/p>\n\n\n\n<p><strong>secretariat-presidence-dgs@univ-avignon.fr<\/strong><\/p>\n\n\n\n<p><\/p>\n","protected":false},"excerpt":{"rendered":"<p>Pour contacter le secr\u00e9tariat de la pr\u00e9sidence &#8211; direction g\u00e9n\u00e9rale : \u00c9milie Galleron : gestionnaire administrative 04 90 16 27 67 &#8211; emilie.galleron@univ-avignon.fr Laetitia Giorlanda : charg\u00e9e d&rsquo;affaires administratives et institutionnelles &#8211; Protocole 04 90 16 25 25 secretariat-presidence-dgs@univ-avignon.fr<\/p>\n","protected":false},"author":3,"featured_media":0,"parent":0,"menu_order":0,"comment_status":"closed","ping_status":"closed","template":"","meta":{"_acf_changed":false,"_relevanssi_hide_post":"","_relevanssi_hide_content":"","_relevanssi_pin_for_all":"","_relevanssi_pin_keywords":"","_relevanssi_unpin_keywords":"","_relevanssi_related_keywords":"","_relevanssi_related_include_ids":"","_relevanssi_related_exclude_ids":"","_relevanssi_related_no_append":"","_relevanssi_related_not_related":"","_relevanssi_related_posts":"1","_relevanssi_noindex_reason":"","footnotes":""},"categories":[],"tags":[],"class_list":["post-13","page","type-page","status-publish","hentry"],"acf":[],"_links":{"self":[{"href":"https:\/\/services.univ-avignon.fr\/presidence\/wp-json\/wp\/v2\/pages\/13","targetHints":{"allow":["GET"]}}],"collection":[{"href":"https:\/\/services.univ-avignon.fr\/presidence\/wp-json\/wp\/v2\/pages"}],"about":[{"href":"https:\/\/services.univ-avignon.fr\/presidence\/wp-json\/wp\/v2\/types\/page"}],"author":[{"embeddable":true,"href":"https:\/\/services.univ-avignon.fr\/presidence\/wp-json\/wp\/v2\/users\/3"}],"replies":[{"embeddable":true,"href":"https:\/\/services.univ-avignon.fr\/presidence\/wp-json\/wp\/v2\/comments?post=13"}],"version-history":[{"count":3,"href":"https:\/\/services.univ-avignon.fr\/presidence\/wp-json\/wp\/v2\/pages\/13\/revisions"}],"predecessor-version":[{"id":56,"href":"https:\/\/services.univ-avignon.fr\/presidence\/wp-json\/wp\/v2\/pages\/13\/revisions\/56"}],"wp:attachment":[{"href":"https:\/\/services.univ-avignon.fr\/presidence\/wp-json\/wp\/v2\/media?parent=13"}],"wp:term":[{"taxonomy":"category","embeddable":true,"href":"https:\/\/services.univ-avignon.fr\/presidence\/wp-json\/wp\/v2\/categories?post=13"},{"taxonomy":"post_tag","embeddable":true,"href":"https:\/\/services.univ-avignon.fr\/presidence\/wp-json\/wp\/v2\/tags?post=13"}],"curies":[{"name":"wp","href":"https:\/\/api.w.org\/{rel}","templated":true}]}}