{"id":4,"date":"2026-01-12T12:35:23","date_gmt":"2026-01-12T11:35:23","guid":{"rendered":"https:\/\/services.univ-avignon.fr\/presidence\/?page_id=4"},"modified":"2026-04-07T15:36:50","modified_gmt":"2026-04-07T13:36:50","slug":"accueil","status":"publish","type":"page","link":"https:\/\/services.univ-avignon.fr\/presidence\/","title":{"rendered":"Accueil"},"content":{"rendered":"\n<h2 class=\"wp-block-heading\"><strong>Missions<\/strong><\/h2>\n\n\n\n<p>La pr\u00e9sidence et la direction g\u00e9n\u00e9rale des services ont pour mission de :<\/p>\n\n\n\n<ul class=\"wp-block-list\">\n<li>d\u00e9finir et mettre en \u0153uvre les orientations strat\u00e9giques de l\u2019\u00e9tablissement ;<\/li>\n\n\n\n<li>assurer le bon fonctionnement institutionnel et administratif de l\u2019universit\u00e9 ;<\/li>\n\n\n\n<li>accompagner les services et les composantes dans leurs projets et leurs \u00e9volutions ;<\/li>\n\n\n\n<li>s\u00e9curiser les actes et les d\u00e9cisions de l\u2019\u00e9tablissement ;<\/li>\n\n\n\n<li>coordonner les directions et services dans une logique d\u2019am\u00e9lioration continue ;<\/li>\n\n\n\n<li>contribuer \u00e0 la qualit\u00e9 de vie au travail et \u00e0 la pr\u00e9vention des risques professionnels.<\/li>\n<\/ul>\n\n\n\n<hr class=\"wp-block-separator has-alpha-channel-opacity\" \/>\n\n\n\n<h2 class=\"wp-block-heading\"><strong>Gouvernance<\/strong><\/h2>\n\n\n\n<p>La <strong>pr\u00e9sidence <\/strong>s\u2019appuie sur l\u2019\u00e9quipe de gouvernance et les directions pour assurer le pilotage politique et strat\u00e9gique de l\u2019\u00e9tablissement.<\/p>\n\n\n\n<p>La <strong>direction <\/strong>g\u00e9n\u00e9rale des services met en \u0153uvre ces orientations et assure la coordination administrative, financi\u00e8re et organisationnelle des services.<\/p>\n\n\n\n<hr class=\"wp-block-separator has-alpha-channel-opacity\" \/>\n\n\n\n<h2 class=\"wp-block-heading\"><strong>D\u00e9cisions et actes institutionnels<\/strong><\/h2>\n\n\n\n<p>La pr\u00e9sidence et la direction g\u00e9n\u00e9rale des services assurent la production et la diffusion des arr\u00eat\u00e9s et d\u00e9cisions n\u00e9cessaires au fonctionnement de l\u2019\u00e9tablissement.<\/p>\n\n\n\n<p>Vous pouvez consulter dans cette rubrique les diff\u00e9rents actes administratifs class\u00e9s par type et par ann\u00e9e.<\/p>\n\n\n\n<hr class=\"wp-block-separator has-alpha-channel-opacity\" \/>\n\n\n\n<h2 class=\"wp-block-heading\"><strong>Organisation<\/strong><\/h2>\n\n\n\n<p>La pr\u00e9sidence et la direction g\u00e9n\u00e9rale des services s\u2019appuient sur plusieurs dispositifs et fonctions d\u2019appui contribuant au fonctionnement de l\u2019\u00e9tablissement et \u00e0 l\u2019accompagnement des services.<\/p>\n\n\n\n<hr class=\"wp-block-separator has-alpha-channel-opacity\" \/>\n\n\n\n<h2 class=\"wp-block-heading\"><strong>Protocole<\/strong><\/h2>\n\n\n\n<p>La fonction protocole accompagne l\u2019organisation des \u00e9v\u00e9nements institutionnels et veille au respect des r\u00e8gles protocolaires lors des manifestations officielles de l\u2019\u00e9tablissement.<\/p>\n\n\n\n<hr class=\"wp-block-separator has-alpha-channel-opacity\" \/>\n\n\n\n<h2 class=\"wp-block-heading\"><strong>Pr\u00e9vention<\/strong><\/h2>\n\n\n\n<p>Les acteurs de la pr\u00e9vention contribuent \u00e0 r\u00e9duire les risques d&rsquo;accidents et de maladies professionnelles, \u00e0 am\u00e9liorer la sant\u00e9, la s\u00e9curit\u00e9 et les conditions de travail.<\/p>\n\n\n\n<hr class=\"wp-block-separator has-alpha-channel-opacity\" \/>\n\n\n\n<h2 class=\"wp-block-heading\"><strong>Cellule d\u2019accompagnement aux projets et \u00e0 la transformation<\/strong><\/h2>\n\n\n\n<p>La cellule d\u2019accompagnement aux projets et \u00e0 la transformation accompagne les services dans la conduite de leurs projets, leurs d\u00e9marches d\u2019\u00e9volution organisationnelle et leurs actions de modernisation.<\/p>\n\n\n\n<p>Elle propose un appui m\u00e9thodologique, organisationnel et op\u00e9rationnel afin de faciliter la mise en \u0153uvre des transformations de l\u2019\u00e9tablissement.<\/p>\n\n\n\n<hr class=\"wp-block-separator has-alpha-channel-opacity\" \/>\n\n\n\n<p><\/p>\n","protected":false},"excerpt":{"rendered":"<p>Missions La pr\u00e9sidence et la direction g\u00e9n\u00e9rale des services ont pour mission de : Gouvernance La pr\u00e9sidence s\u2019appuie sur l\u2019\u00e9quipe de gouvernance et les directions pour assurer le pilotage politique et strat\u00e9gique de l\u2019\u00e9tablissement. La direction g\u00e9n\u00e9rale des services met en \u0153uvre ces orientations et assure la coordination administrative, financi\u00e8re et organisationnelle des services. D\u00e9cisions [&hellip;]<\/p>\n","protected":false},"author":3,"featured_media":0,"parent":0,"menu_order":0,"comment_status":"closed","ping_status":"closed","template":"home-service.php","meta":{"_acf_changed":false,"_relevanssi_hide_post":"","_relevanssi_hide_content":"","_relevanssi_pin_for_all":"","_relevanssi_pin_keywords":"","_relevanssi_unpin_keywords":"","_relevanssi_related_keywords":"","_relevanssi_related_include_ids":"","_relevanssi_related_exclude_ids":"","_relevanssi_related_no_append":"","_relevanssi_related_not_related":"","_relevanssi_related_posts":"1","_relevanssi_noindex_reason":"","footnotes":""},"categories":[],"tags":[],"class_list":["post-4","page","type-page","status-publish","hentry"],"acf":[],"_links":{"self":[{"href":"https:\/\/services.univ-avignon.fr\/presidence\/wp-json\/wp\/v2\/pages\/4","targetHints":{"allow":["GET"]}}],"collection":[{"href":"https:\/\/services.univ-avignon.fr\/presidence\/wp-json\/wp\/v2\/pages"}],"about":[{"href":"https:\/\/services.univ-avignon.fr\/presidence\/wp-json\/wp\/v2\/types\/page"}],"author":[{"embeddable":true,"href":"https:\/\/services.univ-avignon.fr\/presidence\/wp-json\/wp\/v2\/users\/3"}],"replies":[{"embeddable":true,"href":"https:\/\/services.univ-avignon.fr\/presidence\/wp-json\/wp\/v2\/comments?post=4"}],"version-history":[{"count":7,"href":"https:\/\/services.univ-avignon.fr\/presidence\/wp-json\/wp\/v2\/pages\/4\/revisions"}],"predecessor-version":[{"id":93,"href":"https:\/\/services.univ-avignon.fr\/presidence\/wp-json\/wp\/v2\/pages\/4\/revisions\/93"}],"wp:attachment":[{"href":"https:\/\/services.univ-avignon.fr\/presidence\/wp-json\/wp\/v2\/media?parent=4"}],"wp:term":[{"taxonomy":"category","embeddable":true,"href":"https:\/\/services.univ-avignon.fr\/presidence\/wp-json\/wp\/v2\/categories?post=4"},{"taxonomy":"post_tag","embeddable":true,"href":"https:\/\/services.univ-avignon.fr\/presidence\/wp-json\/wp\/v2\/tags?post=4"}],"curies":[{"name":"wp","href":"https:\/\/api.w.org\/{rel}","templated":true}]}}